{"id":2130,"date":"2016-06-13T09:18:15","date_gmt":"2016-06-13T07:18:15","guid":{"rendered":"http:\/\/www.kampmedia.de\/wordpress-pureveda\/?page_id=2130"},"modified":"2017-01-17T08:46:52","modified_gmt":"2017-01-17T07:46:52","slug":"about-pureveda","status":"publish","type":"page","link":"https:\/\/www.pureveda.org\/de\/ueber-pureveda\/","title":{"rendered":"\u00dcber PUREVEDA"},"content":{"rendered":"[vc_row css=&#8220;.vc_custom_1484144663941{margin-top: 0px !important;margin-bottom: 0px !important;padding-top: 15px !important;padding-bottom: 0px !important;}&#8220;][vc_column][vc_column_text css=&#8220;.vc_custom_1483973300414{margin-top: 0px !important;margin-bottom: 0px !important;padding-top: 0px !important;padding-bottom: 0px !important;}&#8220;]\n<div class=\"pagetop-links-container\">\n<div class=\"pagetop-links-box\"><a class=\"pagetop-links\" href=\"#Pure-Loving-Healthy\">Pure Loving Healthy<\/a><\/div>\n<div class=\"pagetop-dot\">\u2022<\/div>\n<div class=\"pagetop-links-box\"><a class=\"pagetop-links\" href=\"#quality\">Qualit\u00e4t durch Reinheit<\/a><\/div>\n<div class=\"pagetop-dot\">\u2022<\/div>\n<div class=\"pagetop-links-box\"><a class=\"pagetop-links\" href=\"#our-story\">Unsere Story<\/a><\/div>\n<div class=\"pagetop-dot\">\u2022<\/div>\n<div class=\"pagetop-links-box\"><a class=\"pagetop-links\" href=\"#our-philosophy\">Unsere Philosophie<\/a><\/div>\n<\/div>\n[\/vc_column_text][\/vc_column][\/vc_row][vc_row css=&#8220;.vc_custom_1466177378777{margin-top: 0px !important;margin-bottom: 0px !important;padding-top: 0px !important;padding-bottom: 0px !important;}&#8220;][vc_column][vc_column_text]\n<h1 id=\"Pure-Loving-Healthy\" style=\"text-align: center; color: white;\">.<\/h1>\n<h1 style=\"text-align: center;\">PURE<\/h1>\n[\/vc_column_text][\/vc_column][\/vc_row][vc_row css=&#8220;.vc_custom_1483973156287{background-image: url(http:\/\/pureveda.org\/wp-content\/uploads\/2017\/01\/tempel-breit.jpg?id=3380) !important;background-position: center !important;background-repeat: no-repeat !important;background-size: cover !important;}&#8220; el_class=&#8220;bild-breite&#8220;][vc_column][\/vc_column][\/vc_row][vc_row css=&#8220;.vc_custom_1483974424496{margin-top: 0px !important;margin-bottom: 0px !important;padding-top: 0px !important;padding-right: 10% !important;padding-bottom: 0px !important;padding-left: 10% !important;}&#8220;][vc_column][vc_column_text]Dein K\u00f6rper ist der Tempel Deiner Seele.<br \/>\nEin gesunder K\u00f6rper und ein klarer Geist sind die Quelle wahren Gl\u00fccks, nachdem wir uns besonders in der heutigen Zeit so sehr sehnen.<br \/>\nWahres Gl\u00fcck bedeutet, wie ein Fisch im Wasser ohne Vergleiche ganz Du selbst zu sein zu d\u00fcrfen.<br \/>\nReinige Deinen K\u00f6rper und gib Ihm was er wirklich braucht.\u00a0 So \u00f6ffnest Du die Pforten f\u00fcr echte Zufriedenheit und strahlende Lebensfreude.[\/vc_column_text][\/vc_column][\/vc_row][vc_row css=&#8220;.vc_custom_1466177378777{margin-top: 0px !important;margin-bottom: 0px !important;padding-top: 0px !important;padding-bottom: 0px !important;}&#8220;][vc_column][vc_column_text]\n<h1 style=\"text-align: center;\">LOVING<\/h1>\n[\/vc_column_text][\/vc_column][\/vc_row][vc_row css=&#8220;.vc_custom_1483973420431{background-image: url(http:\/\/pureveda.org\/wp-content\/uploads\/2017\/01\/frau-mit-blume-breit.jpg?id=3374) !important;background-position: center !important;background-repeat: no-repeat !important;background-size: cover !important;}&#8220; el_class=&#8220;bild-breite&#8220;][vc_column][vc_column_text css=&#8220;.vc_custom_1483973084939{background-position: center !important;background-repeat: no-repeat !important;background-size: cover !important;}&#8220;][\/vc_column_text][\/vc_column][\/vc_row][vc_row css=&#8220;.vc_custom_1483974444309{margin-top: 0px !important;margin-bottom: 0px !important;padding-top: 0px !important;padding-right: 10% !important;padding-bottom: 0px !important;padding-left: 10% !important;}&#8220;][vc_column][vc_column_text]Das Wohl unserer Kunden liegt uns am Herzen und wir lieben unser Projekt.<br \/>\nDie Liebe unserer Kunden flie\u00dft direkt in unsere Produkte.<br \/>\nUm ein au\u00dfergew\u00f6hnliches Produkt zu kreiren bedarf es der Liebe zum Detail, der Liebe zur Natur und der Liebe zum Menschen.<br \/>\nLiebe ist die treibende Kraft im Leben.<br \/>\nLiebe f\u00e4ngt bei Dir selbst an.[\/vc_column_text][\/vc_column][\/vc_row][vc_row css=&#8220;.vc_custom_1466177378777{margin-top: 0px !important;margin-bottom: 0px !important;padding-top: 0px !important;padding-bottom: 0px !important;}&#8220;][vc_column][vc_column_text]\n<h1 style=\"text-align: center;\">HEALTHY<\/h1>\n[\/vc_column_text][\/vc_column][\/vc_row][vc_row css=&#8220;.vc_custom_1483973473453{background-image: url(http:\/\/pureveda.org\/wp-content\/uploads\/2017\/01\/mann-breit.jpg?id=3376) !important;background-position: center !important;background-repeat: no-repeat !important;background-size: cover !important;}&#8220; el_class=&#8220;bild-breite&#8220;][vc_column][vc_column_text css=&#8220;.vc_custom_1483973084939{background-position: center !important;background-repeat: no-repeat !important;background-size: cover !important;}&#8220;][\/vc_column_text][\/vc_column][\/vc_row][vc_row css=&#8220;.vc_custom_1483974458563{margin-top: 0px !important;margin-bottom: 0px !important;padding-top: 0px !important;padding-right: 10% !important;padding-bottom: 0px !important;padding-left: 10% !important;}&#8220;][vc_column][vc_column_text]Dich selbst zu lieben bedeutet nicht, zu funktionieren, sondern in \u00dcbereinstimmung mit Deiner inneren Natur zu handeln.<br \/>\nGesund zu sein bedeutet Du selbst zu sein.<br \/>\n<i><\/i>Uralte Ayurvedische Weisheiten dienen seit jeher als Grundlage f\u00fcr ausgew\u00e4hlte Rezepturen. Es wird angenommen, dass die ayurvedischen Pflanzen Ihre individuelle Seele zur Verf\u00fcgung stellen um dem Menschen zu dienen. Sie helfen dem Menschen, in seinen nat\u00fcrlichen Zustand, \u201ePrakriti\u201c, zur\u00fcckzukehren. \u201eVikriti\u201c hingegen beschreibt den ver\u00e4nderten disharmonischen Zustand.<br \/>\nMit Deiner individuellen Natur in Einklang zu sein, hilft Dir den Alltag zu meistern.[\/vc_column_text][\/vc_column][\/vc_row][vc_row css=&#8220;.vc_custom_1466177160860{margin-bottom: 0px !important;padding-bottom: 0px !important;}&#8220;][vc_column][vc_column_text]\n<h1 id=\"our-story\" style=\"text-align: center; color: white;\">.<\/h1>\n<h1 style=\"text-align: center;\">UNSERE STORY<\/h1>\n[\/vc_column_text][\/vc_column][\/vc_row][vc_row css=&#8220;.vc_custom_1483973873742{background-image: url(http:\/\/pureveda.org\/wp-content\/uploads\/2016\/07\/Our-Story.jpg?id=2639) !important;background-position: center !important;background-repeat: no-repeat !important;background-size: contain !important;}&#8220; el_class=&#8220;bild-breite&#8220;][vc_column][vc_column_text css=&#8220;.vc_custom_1483973084939{background-position: center !important;background-repeat: no-repeat !important;background-size: cover !important;}&#8220;][\/vc_column_text][\/vc_column][\/vc_row][vc_row css=&#8220;.vc_custom_1483974505791{margin-bottom: 0px !important;padding-right: 10% !important;padding-bottom: 0px !important;padding-left: 10% !important;}&#8220;][vc_column][vc_column_text]Wir waren zur richtigen Zeit am richtigen Ort mit der gleichen Vision. So wurde PUREVEDA geboren. Unser Herz schl\u00e4gt im gleichen Rhythmus, obwohl wir die unterschiedlichsten pers\u00f6nlichen Hintergr\u00fcnde haben.<\/p>\n<p>Angela, unsere gut geerdete und hocherfahrene Ayurveda Therapeutin, ist Heilpraktikerin. Sie repr\u00e4sentiert die gelbe Farbe welche f\u00fcr die praktischen Aspekte in der ayurvedischen Therapie steht.<\/p>\n<p>Hanna unsere anspruchsvolle Natur \u00c4rztin bringt auf elegante und seelenvolle Art verborgene Gesundheitsgeheimnisse ans Licht. Ihr ist die Farbe Orange zugeordnet.<\/p>\n<p>Manish geboren auf der wundervollen Insel Mauritius im indischen Ozean gelegen.\u00a0Er verwandelt die Visionen und Ideen von PUREVEDA in bezaubernde, beseelte Kunstwerke. Manish\u00a0steht f\u00fcr die Farbe Blau.<\/p>\n<p>Heiko, unser vertrauensw\u00fcrdiges Technik-Genie sorgt daf\u00fcr, dass das realisierte Projekt f\u00fcr jeden erfahrbar wird. Die Farbe Rot steht f\u00fcr Heiko.<\/p>\n<p>Zu guter Letzt unser vision\u00e4rer Chef Alex. Ohne ihn w\u00e4re unsere gemeinsame Vision PUREVEDA nicht realisiert worden. Da er die Natur liebt, haben wir ihm die Farbe Gr\u00fcn gegeben.[\/vc_column_text][\/vc_column][\/vc_row][vc_row css=&#8220;.vc_custom_1466177378777{margin-top: 0px !important;margin-bottom: 0px !important;padding-top: 0px !important;padding-bottom: 0px !important;}&#8220;][vc_column][vc_column_text]\n<h1 id=\"our-philosophy\" style=\"text-align: center; color: white;\">.<\/h1>\n<h1 style=\"text-align: center;\">UNSERE PHILOSOPHIE<\/h1>\n[\/vc_column_text][\/vc_column][\/vc_row][vc_row css=&#8220;.vc_custom_1484639213063{background-image: url(http:\/\/pureveda.org\/wp-content\/uploads\/2017\/01\/frau-meditiert-breit.jpg?id=3575) !important;background-position: center !important;background-repeat: no-repeat !important;background-size: cover !important;}&#8220; el_class=&#8220;bild-breite&#8220;][vc_column][vc_column_text css=&#8220;.vc_custom_1483973084939{background-position: center !important;background-repeat: no-repeat !important;background-size: cover !important;}&#8220;][\/vc_column_text][\/vc_column][\/vc_row][vc_row css=&#8220;.vc_custom_1483974512799{margin-top: 0px !important;margin-bottom: 0px !important;padding-top: 0px !important;padding-right: 10% !important;padding-bottom: 0px !important;padding-left: 10% !important;}&#8220;][vc_column][vc_column_text]Ayurveda, die \u00e4lteste bekannte Gesundheitslehre, ist Quelle unserer Begeisterung. Sie inspiriert uns, das Beste von uns zu geben, um au\u00dfergew\u00f6hnliche Produkte f\u00fcr die Menschen in unserer modernen Zeit zu kreieren.<\/p>\n<p>Unsere Vision beinhaltet die Verwendung hochwertigster Rohstoffe. Wir verwenden reine Substanzen und arbeiten mit einem speziellen Verkapselungsverfahren ohne Zus\u00e4tze &#8211; Qualit\u00e4t durch Reinheit.<\/p>\n<p>Unser Projekt wird es den Farmern und deren Familien erm\u00f6glichen, ein Teil der PUREVEDA Bewegung zu sein und von ihr zu profitieren. Das PUREVEDA Frauenprojekt ist ein Teamprojekt von \u00f6stlichen und westlichen Frauen.<\/p>\n<p>Unsere feinen und sorgf\u00e4ltig abgestimmten Produkte tragen den ayurvedischen Spirit in sich. Gleichzeitig haben wir Erkenntnisse der westlichen Wissenschaft mit einflie\u00dfen lassen &#8211; East meets West.<\/p>\n<p>Die holistische Lehre das Ayurveda ist unser Vorbild. Mit Hilfe unserer Weltneuheit, den VedaCards werden Deine Gef\u00fchle und Dein Energiezustand unmittelbar in den diagnostischen und therapeutischen Prozess mit einbezogen.<\/p>\n<p>Erfahre das uralte ayurvedische Wissen durch unsere PUREVEDA Produkte.[\/vc_column_text][\/vc_column][\/vc_row][vc_row css=&#8220;.vc_custom_1466177378777{margin-top: 0px !important;margin-bottom: 0px !important;padding-top: 0px !important;padding-bottom: 0px !important;}&#8220;][vc_column][vc_column_text]\n<h1 id=\"quality\" style=\"text-align: center; color: white;\">.<\/h1>\n<h1 style=\"text-align: center;\">Qualit\u00e4t durch Reinheit<\/h1>\n[\/vc_column_text][\/vc_column][\/vc_row][vc_row css=&#8220;.vc_custom_1483973799787{background-image: url(http:\/\/pureveda.org\/wp-content\/uploads\/2017\/01\/curcuma-breit.jpg?id=3372) !important;background-position: center !important;background-repeat: no-repeat !important;background-size: cover !important;}&#8220; el_class=&#8220;bild-breite&#8220;][vc_column][vc_column_text css=&#8220;.vc_custom_1483973084939{background-position: center !important;background-repeat: no-repeat !important;background-size: cover !important;}&#8220;][\/vc_column_text][\/vc_column][\/vc_row][vc_row css=&#8220;.vc_custom_1483974519603{margin-top: 0px !important;margin-bottom: 0px !important;padding-top: 0px !important;padding-right: 10% !important;padding-bottom: 0px !important;padding-left: 10% !important;}&#8220;][vc_column][vc_column_text]\n<h3>Zuerst die Qualit\u00e4t &#8211; Hergestellt in Deutschland<\/h3>\n<p>Unsere Rohstoffe sind r\u00fcckstandskontrolliert.<\/p>\n<p>Wir verwenden keine Hilfs- Schmier- und Zusatzstoffe in der Kapself\u00fcllung dank eines speziellen Produktionsverfahrens.<\/p>\n<h3>Hypoallergene Herstellungen<\/h3>\n<p>Der Verzicht auf Schmierstoffe, wie die Metallseife Magnesiumstearat, bedeutet ein teures Verfahren, da eine schnelle Produktion diese Stoffe ben\u00f6tigen w\u00fcrde. Die langsamere, sorgf\u00e4ltige Produktion hat den Vorteil der geringeren Hitzeentwicklung und damit der Schonung der Vitalstoffe und eine hohe Bioverf\u00fcgbarkeit. Durch kleine Chargen bekommen Sie immer frische Ware. Dies gew\u00e4hrleistet beste G\u00fcte und Werthaltigkeit.<\/p>\n<h3>Kein Aluminium!<\/h3>\n<p>Viele Nahrungserg\u00e4nzungsmittel-Anbieter verwenden zur Versiegelung der Dosen Aluminium. Bei dieser sogenannten Induktions-Versiegelung wird eine Aluminiumfolie durch ein hochfrequentes elektromagnetisches Feld sehr stark erhitzt. Dieses Verfahren verwenden wir bewusst nicht!<\/p>\n<h3>Ohne Gentechnik, keine Konservierungsstoffe.<\/h3>\n<h3>Warum Kapseln?<\/h3>\n<p>Presslinge ben\u00f6tigen zur Herstellung h\u00e4ufig F\u00fcllstoffe. Darauf\u00a0 verzichten wir.<br \/>\nDaher haben wir uns bewusst f\u00fcr Kapseln entschieden.<\/p>\n<h3>Vegane Kapselh\u00fcllen.<\/h3>\n<p>Das Kapselmaterial ist rein pflanzlich. Es besteht aus Hydroxy- Propyl- Methyl- Cellulose.[\/vc_column_text][\/vc_column][\/vc_row][vc_column][\/vc_column]","protected":false},"excerpt":{"rendered":"<p>[vc_row css=&#8220;.vc_custom_1484144663941{margin-top: 0px !important;margin-bottom: 0px !important;padding-top: 15px !important;padding-bottom: 0px !important;}&#8220;][vc_column][vc_column_text css=&#8220;.vc_custom_1483973300414{margin-top: 0px !important;margin-bottom: 0px !important;padding-top: 0px !important;padding-bottom: 0px !important;}&#8220;] Pure Loving Healthy \u2022 Qualit\u00e4t durch Reinheit \u2022 Unsere Story \u2022 Unsere Philosophie [\/vc_column_text][\/vc_column][\/vc_row][vc_row css=&#8220;.vc_custom_1466177378777{margin-top: 0px !important;margin-bottom: 0px !important;padding-top: 0px !important;padding-bottom: 0px !important;}&#8220;][vc_column][vc_column_text] . PURE [\/vc_column_text][\/vc_column][\/vc_row][vc_row css=&#8220;.vc_custom_1483973156287{background-image: url(http:\/\/pureveda.org\/wp-content\/uploads\/2017\/01\/tempel-breit.jpg?id=3380) !important;background-position: center !important;background-repeat: no-repeat !important;background-size: cover !important;}&#8220; el_class=&#8220;bild-breite&#8220;][vc_column][\/vc_column][\/vc_row][vc_row css=&#8220;.vc_custom_1483974424496{margin-top: 0px !important;margin-bottom: 0px !important;padding-top: 0px !important;padding-right: 10% !important;padding-bottom: 0px !important;padding-left: 10% !important;}&#8220;][vc_column][vc_column_text]Dein K\u00f6rper ist der Tempel Deiner Seele. Ein gesunder K\u00f6rper und ein klarer Geist sind die Quelle wahren Gl\u00fccks, nachdem wir uns besonders in der heutigen Zeit so sehr sehnen. Wahres Gl\u00fcck bedeutet, wie ein Fisch im Wasser ohne Vergleiche ganz Du selbst zu sein zu d\u00fcrfen. Reinige Deinen K\u00f6rper und gib Ihm was er wirklich braucht.\u00a0 So \u00f6ffnest Du die Pforten f\u00fcr echte Zufriedenheit und strahlende Lebensfreude.[\/vc_column_text][\/vc_column][\/vc_row][vc_row css=&#8220;.vc_custom_1466177378777{margin-top: 0px !important;margin-bottom: 0px !important;padding-top: 0px !important;padding-bottom: 0px !important;}&#8220;][vc_column][vc_column_text] LOVING [\/vc_column_text][\/vc_column][\/vc_row][vc_row css=&#8220;.vc_custom_1483973420431{background-image: url(http:\/\/pureveda.org\/wp-content\/uploads\/2017\/01\/frau-mit-blume-breit.jpg?id=3374) !important;background-position: center !important;background-repeat: no-repeat !important;background-size: cover !important;}&#8220; el_class=&#8220;bild-breite&#8220;][vc_column][vc_column_text css=&#8220;.vc_custom_1483973084939{background-position: center !important;background-repeat: no-repeat !important;background-size: cover !important;}&#8220;][\/vc_column_text][\/vc_column][\/vc_row][vc_row css=&#8220;.vc_custom_1483974444309{margin-top: 0px !important;margin-bottom: 0px !important;padding-top: 0px !important;padding-right: 10% !important;padding-bottom: 0px !important;padding-left: 10% !important;}&#8220;][vc_column][vc_column_text]Das Wohl unserer Kunden liegt uns am Herzen und wir lieben unser Projekt. Die Liebe unserer Kunden flie\u00dft direkt in unsere Produkte. Um ein au\u00dfergew\u00f6hnliches Produkt zu kreiren bedarf es der Liebe zum Detail, der Liebe zur Natur und der Liebe zum Menschen. Liebe ist die treibende Kraft im Leben. Liebe f\u00e4ngt bei Dir selbst an.[\/vc_column_text][\/vc_column][\/vc_row][vc_row css=&#8220;.vc_custom_1466177378777{margin-top: 0px !important;margin-bottom: 0px !important;padding-top: 0px !important;padding-bottom: 0px !important;}&#8220;][vc_column][vc_column_text] HEALTHY [\/vc_column_text][\/vc_column][\/vc_row][vc_row css=&#8220;.vc_custom_1483973473453{background-image: url(http:\/\/pureveda.org\/wp-content\/uploads\/2017\/01\/mann-breit.jpg?id=3376) !important;background-position: center !important;background-repeat: no-repeat !important;background-size: cover !important;}&#8220; el_class=&#8220;bild-breite&#8220;][vc_column][vc_column_text css=&#8220;.vc_custom_1483973084939{background-position: center !important;background-repeat: no-repeat !important;background-size: cover !important;}&#8220;][\/vc_column_text][\/vc_column][\/vc_row][vc_row css=&#8220;.vc_custom_1483974458563{margin-top: 0px !important;margin-bottom: 0px !important;padding-top: 0px !important;padding-right: 10% !important;padding-bottom: 0px !important;padding-left: 10% !important;}&#8220;][vc_column][vc_column_text]Dich selbst zu lieben bedeutet nicht, zu funktionieren, sondern in \u00dcbereinstimmung mit Deiner inneren Natur zu handeln. Gesund zu sein bedeutet Du selbst zu sein. Uralte Ayurvedische Weisheiten dienen seit jeher als Grundlage f\u00fcr ausgew\u00e4hlte Rezepturen. Es wird angenommen, dass die ayurvedischen Pflanzen Ihre individuelle Seele zur Verf\u00fcgung stellen um dem Menschen zu dienen. Sie helfen dem Menschen, in seinen nat\u00fcrlichen Zustand, \u201ePrakriti\u201c, zur\u00fcckzukehren. \u201eVikriti\u201c hingegen beschreibt den ver\u00e4nderten disharmonischen Zustand. Mit Deiner individuellen Natur in Einklang zu sein, hilft Dir den Alltag zu meistern.[\/vc_column_text][\/vc_column][\/vc_row][vc_row css=&#8220;.vc_custom_1466177160860{margin-bottom: 0px !important;padding-bottom: 0px !important;}&#8220;][vc_column][vc_column_text] . UNSERE STORY [\/vc_column_text][\/vc_column][\/vc_row][vc_row css=&#8220;.vc_custom_1483973873742{background-image: url(http:\/\/pureveda.org\/wp-content\/uploads\/2016\/07\/Our-Story.jpg?id=2639) !important;background-position: center !important;background-repeat: no-repeat !important;background-size: contain !important;}&#8220; el_class=&#8220;bild-breite&#8220;][vc_column][vc_column_text css=&#8220;.vc_custom_1483973084939{background-position: center !important;background-repeat: no-repeat !important;background-size: cover !important;}&#8220;][\/vc_column_text][\/vc_column][\/vc_row][vc_row css=&#8220;.vc_custom_1483974505791{margin-bottom: 0px !important;padding-right: 10% !important;padding-bottom: 0px !important;padding-left: 10% !important;}&#8220;][vc_column][vc_column_text]Wir waren zur richtigen Zeit am richtigen Ort mit der gleichen Vision. So wurde PUREVEDA geboren. Unser Herz schl\u00e4gt im gleichen Rhythmus, obwohl wir die unterschiedlichsten pers\u00f6nlichen Hintergr\u00fcnde haben. Angela, unsere gut geerdete und hocherfahrene Ayurveda Therapeutin, ist Heilpraktikerin. Sie repr\u00e4sentiert die gelbe Farbe welche f\u00fcr die praktischen Aspekte in der ayurvedischen Therapie steht. Hanna unsere anspruchsvolle Natur \u00c4rztin bringt auf elegante und seelenvolle Art verborgene Gesundheitsgeheimnisse ans Licht. Ihr ist die Farbe Orange zugeordnet. Manish geboren auf der wundervollen Insel Mauritius im indischen Ozean gelegen.\u00a0Er verwandelt die Visionen und Ideen von PUREVEDA in bezaubernde, beseelte Kunstwerke. Manish\u00a0steht f\u00fcr die Farbe Blau. Heiko, unser vertrauensw\u00fcrdiges Technik-Genie sorgt daf\u00fcr, dass das realisierte Projekt f\u00fcr jeden erfahrbar wird. Die Farbe Rot steht f\u00fcr Heiko. Zu guter Letzt unser vision\u00e4rer Chef Alex. Ohne ihn w\u00e4re unsere gemeinsame Vision PUREVEDA nicht realisiert worden. Da er die Natur liebt, haben wir ihm die Farbe Gr\u00fcn gegeben.[\/vc_column_text][\/vc_column][\/vc_row][vc_row css=&#8220;.vc_custom_1466177378777{margin-top: 0px !important;margin-bottom: 0px !important;padding-top: 0px !important;padding-bottom: 0px !important;}&#8220;][vc_column][vc_column_text] . UNSERE PHILOSOPHIE [\/vc_column_text][\/vc_column][\/vc_row][vc_row css=&#8220;.vc_custom_1484639213063{background-image: url(http:\/\/pureveda.org\/wp-content\/uploads\/2017\/01\/frau-meditiert-breit.jpg?id=3575) !important;background-position: center !important;background-repeat: no-repeat !important;background-size: cover !important;}&#8220; el_class=&#8220;bild-breite&#8220;][vc_column][vc_column_text css=&#8220;.vc_custom_1483973084939{background-position: center !important;background-repeat: no-repeat !important;background-size: cover !important;}&#8220;][\/vc_column_text][\/vc_column][\/vc_row][vc_row css=&#8220;.vc_custom_1483974512799{margin-top: 0px !important;margin-bottom: 0px !important;padding-top: 0px !important;padding-right: 10% !important;padding-bottom: 0px !important;padding-left: 10% !important;}&#8220;][vc_column][vc_column_text]Ayurveda, die \u00e4lteste bekannte Gesundheitslehre, ist Quelle unserer Begeisterung. Sie inspiriert uns, das Beste von uns zu geben, um au\u00dfergew\u00f6hnliche Produkte f\u00fcr die Menschen in unserer modernen Zeit zu kreieren. Unsere Vision beinhaltet die Verwendung hochwertigster Rohstoffe. Wir verwenden reine Substanzen und arbeiten mit einem speziellen Verkapselungsverfahren ohne Zus\u00e4tze &#8211; Qualit\u00e4t durch Reinheit. Unser Projekt wird es den Farmern und deren Familien erm\u00f6glichen, ein Teil der PUREVEDA Bewegung zu sein und von ihr zu profitieren. Das PUREVEDA Frauenprojekt ist ein Teamprojekt von \u00f6stlichen und westlichen Frauen. Unsere feinen und sorgf\u00e4ltig abgestimmten Produkte tragen den ayurvedischen Spirit in sich. Gleichzeitig haben wir Erkenntnisse der westlichen Wissenschaft mit einflie\u00dfen lassen &#8211; East meets West. Die holistische Lehre das Ayurveda ist unser Vorbild. Mit Hilfe unserer Weltneuheit, den VedaCards werden Deine Gef\u00fchle und Dein Energiezustand unmittelbar in den diagnostischen und therapeutischen Prozess mit einbezogen. Erfahre das uralte ayurvedische Wissen durch unsere PUREVEDA Produkte.[\/vc_column_text][\/vc_column][\/vc_row][vc_row css=&#8220;.vc_custom_1466177378777{margin-top: 0px !important;margin-bottom: 0px !important;padding-top: 0px !important;padding-bottom: 0px !important;}&#8220;][vc_column][vc_column_text] . Qualit\u00e4t durch Reinheit [\/vc_column_text][\/vc_column][\/vc_row][vc_row css=&#8220;.vc_custom_1483973799787{background-image: url(http:\/\/pureveda.org\/wp-content\/uploads\/2017\/01\/curcuma-breit.jpg?id=3372) !important;background-position: center !important;background-repeat: no-repeat !important;background-size: cover !important;}&#8220; el_class=&#8220;bild-breite&#8220;][vc_column][vc_column_text css=&#8220;.vc_custom_1483973084939{background-position: center !important;background-repeat: no-repeat !important;background-size: cover !important;}&#8220;][\/vc_column_text][\/vc_column][\/vc_row][vc_row css=&#8220;.vc_custom_1483974519603{margin-top: 0px !important;margin-bottom: 0px !important;padding-top: 0px !important;padding-right: 10% !important;padding-bottom: 0px !important;padding-left: 10% !important;}&#8220;][vc_column][vc_column_text] Zuerst die Qualit\u00e4t &#8211; Hergestellt in Deutschland Unsere Rohstoffe sind r\u00fcckstandskontrolliert. Wir verwenden keine Hilfs- Schmier- und Zusatzstoffe in der Kapself\u00fcllung dank eines speziellen Produktionsverfahrens. Hypoallergene Herstellungen Der Verzicht auf Schmierstoffe, wie die Metallseife Magnesiumstearat, bedeutet ein teures Verfahren, da eine schnelle Produktion diese Stoffe ben\u00f6tigen w\u00fcrde. Die langsamere, sorgf\u00e4ltige Produktion hat den Vorteil der geringeren Hitzeentwicklung und damit der Schonung der Vitalstoffe und eine hohe Bioverf\u00fcgbarkeit. Durch kleine Chargen bekommen Sie immer frische Ware. Dies gew\u00e4hrleistet beste G\u00fcte und Werthaltigkeit. Kein Aluminium! Viele Nahrungserg\u00e4nzungsmittel-Anbieter verwenden zur Versiegelung der Dosen Aluminium. Bei dieser sogenannten Induktions-Versiegelung wird eine Aluminiumfolie durch ein hochfrequentes elektromagnetisches Feld sehr stark erhitzt. Dieses Verfahren verwenden wir bewusst nicht! Ohne Gentechnik, keine Konservierungsstoffe. Warum Kapseln? Presslinge ben\u00f6tigen zur Herstellung h\u00e4ufig F\u00fcllstoffe. Darauf\u00a0 verzichten wir. Daher haben wir uns bewusst f\u00fcr Kapseln entschieden. Vegane Kapselh\u00fcllen. Das Kapselmaterial ist rein pflanzlich. Es besteht aus Hydroxy- Propyl- Methyl- Cellulose.[\/vc_column_text][\/vc_column][\/vc_row][vc_column][\/vc_column]<\/p>\n","protected":false},"author":1,"featured_media":0,"parent":0,"menu_order":0,"comment_status":"closed","ping_status":"closed","template":"","meta":{"footnotes":""},"class_list":["post-2130","page","type-page","status-publish","hentry","entry","post-inner"],"_links":{"self":[{"href":"https:\/\/www.pureveda.org\/de\/wp-json\/wp\/v2\/pages\/2130","targetHints":{"allow":["GET"]}}],"collection":[{"href":"https:\/\/www.pureveda.org\/de\/wp-json\/wp\/v2\/pages"}],"about":[{"href":"https:\/\/www.pureveda.org\/de\/wp-json\/wp\/v2\/types\/page"}],"author":[{"embeddable":true,"href":"https:\/\/www.pureveda.org\/de\/wp-json\/wp\/v2\/users\/1"}],"replies":[{"embeddable":true,"href":"https:\/\/www.pureveda.org\/de\/wp-json\/wp\/v2\/comments?post=2130"}],"version-history":[{"count":182,"href":"https:\/\/www.pureveda.org\/de\/wp-json\/wp\/v2\/pages\/2130\/revisions"}],"predecessor-version":[{"id":3578,"href":"https:\/\/www.pureveda.org\/de\/wp-json\/wp\/v2\/pages\/2130\/revisions\/3578"}],"wp:attachment":[{"href":"https:\/\/www.pureveda.org\/de\/wp-json\/wp\/v2\/media?parent=2130"}],"curies":[{"name":"wp","href":"https:\/\/api.w.org\/{rel}","templated":true}]}}