{"id":2501,"date":"2016-07-05T14:57:23","date_gmt":"2016-07-05T12:57:23","guid":{"rendered":"http:\/\/pureveda.org\/de\/?page_id=2501"},"modified":"2017-05-03T09:51:12","modified_gmt":"2017-05-03T07:51:12","slug":"vata-harmonizer-2","status":"publish","type":"page","link":"https:\/\/www.pureveda.org\/de\/vata-harmonizer\/","title":{"rendered":"Vata Harmonizer"},"content":{"rendered":"[vc_row][vc_column width=&#8220;1\/3&#8243; el_class=&#8220;article-des-column&#8220;][vc_column_text]\n<div class=\"article-des\">\n<h1 style=\"line-height: 1.2em; padding-bottom: 10px;\">Vata<br \/>\nHarmonizer<\/h1>\n<p><span class=\"article-des-qualitybox\"><a class=\"pagetop-links\" style=\"font-size: 0.8em; color: #fff;\" href=\"..\/ueber-pureveda\/#quality\">Qualit\u00e4t durch Reinheit<\/a><\/span><\/p>\n<p class=\"article-des\" style=\"padding: 10px 0 20px;\">90 vegane Kapseln<\/p>\n<p class=\"article-des\"><strong>Inhaltsstoffe:<\/strong><\/p>\n<p class=\"article-des\">Bio-Haritaki<br \/>\nBio-Ashwagandha<br \/>\nBio-Salai Guggal<br \/>\n(Weihrauch, Boswellia serrata)<\/p>\n<p class=\"article-des\" style=\"padding-top: 20px;\">Artikel-Nr. PV003<br \/>\n39,90 \u20ac <span class=\"article-mwst\">inkl. 7 % MwSt.<\/span><\/p>\n<p class=\"article-des\" style=\"font-size: 0.75em; padding-top: 20px;\">Erh\u00e4ltlich bei Biotikon\u00ae<\/p>\n<p><a href=\"https:\/\/dr-med-michalzik.de\/Vata-Harmonizer.html\" target=\"_blank\"><img loading=\"lazy\" decoding=\"async\" src=\"http:\/\/pureveda.org\/wp-content\/uploads\/2016\/07\/hier-kaufen-button.png\" alt=\"hier-kaufen-button\" width=\"164\" height=\"77\" \/><\/a><\/p>\n<\/div>\n[\/vc_column_text][\/vc_column][vc_column width=&#8220;1\/3&#8243; css=&#8220;.vc_custom_1473149905330{padding-top: 20px !important;}&#8220;][vc_column_text]<img decoding=\"async\" class=\"aligncenter\" src=\"http:\/\/pureveda.org\/wp-content\/uploads\/2016\/07\/Vata-Harmonizer_Dose.jpg\" alt=\"Vata Harmonnizer_Dose\" width=\"80%\" height=\"auto\" \/>[\/vc_column_text][\/vc_column][vc_column width=&#8220;1\/3&#8243; el_class=&#8220;article-des-column-rightside&#8220;][vc_column_text]\n<p class=\"article-des-rightside\"><strong>Beruhige Dein Luft-Element mit dem Vata Harmonizer.<\/strong><\/p>\n<p class=\"article-des-rightside\">Der Vata Harmonizer mit Bio-Haritaki, Bio-Ashwagandha und Bio-Weihrauch.<br \/>\nBei der Vata-Konstitution ist der Wind das vorherrschende Element. Im Ayurveda kann zuviel Wind zu Trockenheit und Unruhe im K\u00f6rper f\u00fchren.<\/p>\n<p class=\"article-des-rightside\">Diese ausgewogene ayurvedische Pflanzenmischung wurde konzipiert, um inneren Stress zu harmonisieren.<\/p>\n<p class=\"article-des-rightside\"><strong>F\u00fcr Vegetarier und Veganer geeignet!<\/strong><\/p>\n[\/vc_column_text][\/vc_column][\/vc_row][vc_row content_placement=&#8220;middle&#8220;][vc_column][vc_column_text]\n<div class=\"last-button-position\"><a class=\"tooltip-last\" title=\"Hier geht es wieder zum vorigen Produkt.\" href=\"\/de\/kapha-harmonizer\/\"><span title=\"\"><img loading=\"lazy\" decoding=\"async\" class=\"last-product-icon\" src=\"\/wp-content\/uploads\/2016\/08\/test-icon_next.png\" alt=\"Voriges Produkt\" width=\"40\" height=\"40\" \/><\/span><\/a><\/div>\n<div class=\"next-button-position\"><a class=\"tooltip-next\" title=\"Hier geht es zum n\u00e4chsten Produkt.\" href=\"\/de\/starter\/\"><span title=\"\"><img loading=\"lazy\" decoding=\"async\" class=\"next-product-icon\" src=\"\/wp-content\/uploads\/2016\/08\/test-icon_next.png\" alt=\"n\u00e4chstes Produkt\" width=\"40\" height=\"40\" \/><\/span><\/a><\/div>\n[\/vc_column_text][\/vc_column][\/vc_row][vc_row][vc_column][vc_column_text]\n<div><a class=\"tooltip-back\" title=\"Hier geht es zur\u00fcck zur Produkt\u00fcbersicht.\" href=\"\/de\/produkte\/\"><span title=\"\"><img decoding=\"async\" class=\"product-overview\" src=\"\/wp-content\/uploads\/2017\/02\/dosenpikto.png\" alt=\"Produkt\u00fcbersicht\" width=\"auto\" height=\"35\" \/><\/span><\/a><\/div>\n[\/vc_column_text][\/vc_column][\/vc_row]","protected":false},"excerpt":{"rendered":"<p>[vc_row][vc_column width=&#8220;1\/3&#8243; el_class=&#8220;article-des-column&#8220;][vc_column_text] Vata Harmonizer Qualit\u00e4t durch Reinheit 90 vegane Kapseln Inhaltsstoffe: Bio-Haritaki Bio-Ashwagandha Bio-Salai Guggal (Weihrauch, Boswellia serrata) Artikel-Nr. PV003 39,90 \u20ac inkl. 7 % MwSt. Erh\u00e4ltlich bei Biotikon\u00ae [\/vc_column_text][\/vc_column][vc_column width=&#8220;1\/3&#8243; css=&#8220;.vc_custom_1473149905330{padding-top: 20px !important;}&#8220;][vc_column_text][\/vc_column_text][\/vc_column][vc_column width=&#8220;1\/3&#8243; el_class=&#8220;article-des-column-rightside&#8220;][vc_column_text] Beruhige Dein Luft-Element mit dem Vata Harmonizer. Der Vata Harmonizer mit Bio-Haritaki, Bio-Ashwagandha und Bio-Weihrauch. Bei der Vata-Konstitution ist der Wind das vorherrschende Element. Im Ayurveda kann zuviel Wind zu Trockenheit und Unruhe im K\u00f6rper f\u00fchren. Diese ausgewogene ayurvedische Pflanzenmischung wurde konzipiert, um inneren Stress zu harmonisieren. F\u00fcr Vegetarier und Veganer geeignet! [\/vc_column_text][\/vc_column][\/vc_row][vc_row content_placement=&#8220;middle&#8220;][vc_column][vc_column_text] [\/vc_column_text][\/vc_column][\/vc_row][vc_row][vc_column][vc_column_text] [\/vc_column_text][\/vc_column][\/vc_row]<\/p>\n","protected":false},"author":1,"featured_media":0,"parent":0,"menu_order":0,"comment_status":"closed","ping_status":"closed","template":"","meta":{"footnotes":""},"class_list":["post-2501","page","type-page","status-publish","hentry","entry","post-inner"],"_links":{"self":[{"href":"https:\/\/www.pureveda.org\/de\/wp-json\/wp\/v2\/pages\/2501","targetHints":{"allow":["GET"]}}],"collection":[{"href":"https:\/\/www.pureveda.org\/de\/wp-json\/wp\/v2\/pages"}],"about":[{"href":"https:\/\/www.pureveda.org\/de\/wp-json\/wp\/v2\/types\/page"}],"author":[{"embeddable":true,"href":"https:\/\/www.pureveda.org\/de\/wp-json\/wp\/v2\/users\/1"}],"replies":[{"embeddable":true,"href":"https:\/\/www.pureveda.org\/de\/wp-json\/wp\/v2\/comments?post=2501"}],"version-history":[{"count":40,"href":"https:\/\/www.pureveda.org\/de\/wp-json\/wp\/v2\/pages\/2501\/revisions"}],"predecessor-version":[{"id":4008,"href":"https:\/\/www.pureveda.org\/de\/wp-json\/wp\/v2\/pages\/2501\/revisions\/4008"}],"wp:attachment":[{"href":"https:\/\/www.pureveda.org\/de\/wp-json\/wp\/v2\/media?parent=2501"}],"curies":[{"name":"wp","href":"https:\/\/api.w.org\/{rel}","templated":true}]}}