{"id":2138,"date":"2016-06-13T09:19:17","date_gmt":"2016-06-13T07:19:17","guid":{"rendered":"http:\/\/www.kampmedia.de\/wordpress-pureveda\/?page_id=2138"},"modified":"2022-09-01T10:39:28","modified_gmt":"2022-09-01T08:39:28","slug":"woman","status":"publish","type":"page","link":"https:\/\/www.pureveda.org\/fr\/femme\/","title":{"rendered":"Femme"},"content":{"rendered":"[vc_row][vc_column][vc_column_text]<img loading=\"lazy\" decoding=\"async\" class=\"aligncenter wp-image-2157\" src=\"https:\/\/pureveda.org\/wp-content\/uploads\/2016\/06\/pureveda-small.png\" alt=\"pureveda-small\" width=\"100\" height=\"87\" \/><\/p>\n<div style=\"padding: 10px 0 25px 0;\"><a class=\"pagetop-links\" href=\"..\/ueber-pureveda\/#quality\">Qualit\u00e9 par Puret\u00e9<\/a><\/div>\n<p>3 formules ayurv\u00e9dique importantes \u00e0 prendre[\/vc_column_text][\/vc_column][\/vc_row][vc_row css=\u00a0\u00bb.vc_custom_1470831943939{margin-right: 10% !important;margin-left: 10% !important;}\u00a0\u00bb][vc_column width=\u00a0\u00bb1\/3&Prime;][vc_column_text]\n<h1 style=\"text-align: center;\"><a href=\"\/en\/our-products\/#women\">Women Balance<br \/>\n20 &#8211; 45 Ans<\/a><\/h1>\n<p><img loading=\"lazy\" decoding=\"async\" class=\"alignnone wp-image-4246 size-medium\" src=\"https:\/\/pureveda.org\/wp-content\/uploads\/2022\/09\/WomenBalance20-45-rund-297x300.png\" alt=\"\" width=\"297\" height=\"300\" srcset=\"https:\/\/www.pureveda.org\/wp-content\/uploads\/2022\/09\/WomenBalance20-45-rund-297x300.png 297w, https:\/\/www.pureveda.org\/wp-content\/uploads\/2022\/09\/WomenBalance20-45-rund.png 446w\" sizes=\"auto, (max-width: 297px) 100vw, 297px\" \/>[\/vc_column_text][\/vc_column][vc_column width=\u00a0\u00bb1\/3&Prime;][vc_column_text]\n<h1 style=\"text-align: center;\"><a href=\"\/en\/our-products\/#women\">Women Balance<br \/>\n45 &#8211; 55 Ans<\/a><\/h1>\n<p><img loading=\"lazy\" decoding=\"async\" class=\"alignnone wp-image-4247 size-medium\" src=\"https:\/\/pureveda.org\/wp-content\/uploads\/2022\/09\/WomenBalance45-55-rund-297x300.png\" alt=\"\" width=\"297\" height=\"300\" srcset=\"https:\/\/www.pureveda.org\/wp-content\/uploads\/2022\/09\/WomenBalance45-55-rund-297x300.png 297w, https:\/\/www.pureveda.org\/wp-content\/uploads\/2022\/09\/WomenBalance45-55-rund.png 446w\" sizes=\"auto, (max-width: 297px) 100vw, 297px\" \/>[\/vc_column_text][\/vc_column][vc_column width=\u00a0\u00bb1\/3&Prime;][vc_column_text]\n<h1 style=\"text-align: center;\"><a href=\"\/en\/our-products\/#women\">Women Balance<br \/>\nde plus de 55 Ans<\/a><\/h1>\n<p><img loading=\"lazy\" decoding=\"async\" class=\"alignnone wp-image-4245 size-medium\" src=\"https:\/\/pureveda.org\/wp-content\/uploads\/2022\/09\/WomenBalance-ab55-rund-297x300.png\" alt=\"\" width=\"297\" height=\"300\" srcset=\"https:\/\/www.pureveda.org\/wp-content\/uploads\/2022\/09\/WomenBalance-ab55-rund-297x300.png 297w, https:\/\/www.pureveda.org\/wp-content\/uploads\/2022\/09\/WomenBalance-ab55-rund.png 446w\" sizes=\"auto, (max-width: 297px) 100vw, 297px\" \/>[\/vc_column_text][\/vc_column][\/vc_row][vc_row][vc_column][vc_column_text]\n<h1 style=\"text-align: center;\">PURE<\/h1>\n[\/vc_column_text][\/vc_column][\/vc_row][vc_row el_class=\u00a0\u00bbbild-breite\u00a0\u00bb css=\u00a0\u00bb.vc_custom_1484142330474{background-image: url(http:\/\/pureveda.org\/wp-content\/uploads\/2017\/01\/fluss-breit.jpg?id=3373) !important;background-position: center !important;background-repeat: no-repeat !important;background-size: cover !important;}\u00a0\u00bb][vc_column][\/vc_column][\/vc_row][vc_row css=\u00a0\u00bb.vc_custom_1484638656990{padding-top: 50px !important;padding-bottom: 130px !important;}\u00a0\u00bb][vc_column][vc_column_text]Purifie toi. Laisse-toi aller sur ce Fleuve qui coule \u00e0 tes pieds.[\/vc_column_text][\/vc_column][\/vc_row][vc_row][vc_column][vc_column_text]\n<h1 style=\"text-align: center;\">LOVING<\/h1>\n[\/vc_column_text][\/vc_column][\/vc_row][vc_row el_class=\u00a0\u00bbbild-breite\u00a0\u00bb css=\u00a0\u00bb.vc_custom_1484142355877{background-image: url(http:\/\/pureveda.org\/wp-content\/uploads\/2017\/01\/frau-mit-zweig-breit.jpg?id=3375) !important;background-position: center !important;background-repeat: no-repeat !important;background-size: cover !important;}\u00a0\u00bb][vc_column][\/vc_column][\/vc_row][vc_row css=\u00a0\u00bb.vc_custom_1484638667103{padding-top: 50px !important;padding-bottom: 130px !important;}\u00a0\u00bb][vc_column][vc_column_text]Aimes et sois toi m\u00eame avec PUREVEDA.[\/vc_column_text][\/vc_column][\/vc_row][vc_row][vc_column][vc_column_text]\n<h1 style=\"text-align: center;\">BEAUTIFUL<\/h1>\n[\/vc_column_text][\/vc_column][\/vc_row][vc_row el_class=\u00a0\u00bbbild-breite\u00a0\u00bb css=\u00a0\u00bb.vc_custom_1484142418554{background-image: url(http:\/\/pureveda.org\/wp-content\/uploads\/2017\/01\/pfauenfeder-breit.jpg?id=3378) !important;background-position: center !important;background-repeat: no-repeat !important;background-size: cover !important;}\u00a0\u00bb][vc_column][\/vc_column][\/vc_row][vc_row css=\u00a0\u00bb.vc_custom_1484638672120{padding-top: 50px !important;padding-bottom: 50px !important;}\u00a0\u00bb][vc_column][vc_column_text]Tu es belle comme tu es.<br \/>\nD\u00e9couvre ta beaut\u00e9 int\u00e9rieure.<br \/>\nEveille la d\u00e9esse en toi.[\/vc_column_text][\/vc_column][\/vc_row]","protected":false},"excerpt":{"rendered":"<p>[vc_row][vc_column][vc_column_text] Qualit\u00e9 par Puret\u00e9 3 formules ayurv\u00e9dique importantes \u00e0 prendre[\/vc_column_text][\/vc_column][\/vc_row][vc_row css=\u00a0\u00bb.vc_custom_1470831943939{margin-right: 10% !important;margin-left: 10% !important;}\u00a0\u00bb][vc_column width=\u00a0\u00bb1\/3&Prime;][vc_column_text] Women Balance 20 &#8211; 45 Ans [\/vc_column_text][\/vc_column][vc_column width=\u00a0\u00bb1\/3&Prime;][vc_column_text] Women Balance 45 &#8211; 55 Ans [\/vc_column_text][\/vc_column][vc_column width=\u00a0\u00bb1\/3&Prime;][vc_column_text] Women Balance de plus de 55 Ans [\/vc_column_text][\/vc_column][\/vc_row][vc_row][vc_column][vc_column_text] PURE [\/vc_column_text][\/vc_column][\/vc_row][vc_row el_class=\u00a0\u00bbbild-breite\u00a0\u00bb css=\u00a0\u00bb.vc_custom_1484142330474{background-image: url(http:\/\/pureveda.org\/wp-content\/uploads\/2017\/01\/fluss-breit.jpg?id=3373) !important;background-position: center !important;background-repeat: no-repeat !important;background-size: cover !important;}\u00a0\u00bb][vc_column][\/vc_column][\/vc_row][vc_row css=\u00a0\u00bb.vc_custom_1484638656990{padding-top: 50px !important;padding-bottom: 130px !important;}\u00a0\u00bb][vc_column][vc_column_text]Purifie toi. Laisse-toi aller sur ce Fleuve qui coule \u00e0 tes pieds.[\/vc_column_text][\/vc_column][\/vc_row][vc_row][vc_column][vc_column_text] LOVING [\/vc_column_text][\/vc_column][\/vc_row][vc_row el_class=\u00a0\u00bbbild-breite\u00a0\u00bb css=\u00a0\u00bb.vc_custom_1484142355877{background-image: url(http:\/\/pureveda.org\/wp-content\/uploads\/2017\/01\/frau-mit-zweig-breit.jpg?id=3375) !important;background-position: center !important;background-repeat: no-repeat !important;background-size: cover !important;}\u00a0\u00bb][vc_column][\/vc_column][\/vc_row][vc_row css=\u00a0\u00bb.vc_custom_1484638667103{padding-top: 50px !important;padding-bottom: 130px !important;}\u00a0\u00bb][vc_column][vc_column_text]Aimes et sois toi m\u00eame avec PUREVEDA.[\/vc_column_text][\/vc_column][\/vc_row][vc_row][vc_column][vc_column_text] BEAUTIFUL [\/vc_column_text][\/vc_column][\/vc_row][vc_row el_class=\u00a0\u00bbbild-breite\u00a0\u00bb css=\u00a0\u00bb.vc_custom_1484142418554{background-image: url(http:\/\/pureveda.org\/wp-content\/uploads\/2017\/01\/pfauenfeder-breit.jpg?id=3378) !important;background-position: center !important;background-repeat: no-repeat !important;background-size: cover !important;}\u00a0\u00bb][vc_column][\/vc_column][\/vc_row][vc_row css=\u00a0\u00bb.vc_custom_1484638672120{padding-top: 50px !important;padding-bottom: 50px !important;}\u00a0\u00bb][vc_column][vc_column_text]Tu es belle comme tu es. D\u00e9couvre ta beaut\u00e9 int\u00e9rieure. Eveille la d\u00e9esse en toi.[\/vc_column_text][\/vc_column][\/vc_row]<\/p>\n","protected":false},"author":1,"featured_media":0,"parent":0,"menu_order":0,"comment_status":"closed","ping_status":"closed","template":"","meta":{"footnotes":""},"class_list":["post-2138","page","type-page","status-publish","hentry","entry","post-inner"],"_links":{"self":[{"href":"https:\/\/www.pureveda.org\/fr\/wp-json\/wp\/v2\/pages\/2138","targetHints":{"allow":["GET"]}}],"collection":[{"href":"https:\/\/www.pureveda.org\/fr\/wp-json\/wp\/v2\/pages"}],"about":[{"href":"https:\/\/www.pureveda.org\/fr\/wp-json\/wp\/v2\/types\/page"}],"author":[{"embeddable":true,"href":"https:\/\/www.pureveda.org\/fr\/wp-json\/wp\/v2\/users\/1"}],"replies":[{"embeddable":true,"href":"https:\/\/www.pureveda.org\/fr\/wp-json\/wp\/v2\/comments?post=2138"}],"version-history":[{"count":94,"href":"https:\/\/www.pureveda.org\/fr\/wp-json\/wp\/v2\/pages\/2138\/revisions"}],"predecessor-version":[{"id":4250,"href":"https:\/\/www.pureveda.org\/fr\/wp-json\/wp\/v2\/pages\/2138\/revisions\/4250"}],"wp:attachment":[{"href":"https:\/\/www.pureveda.org\/fr\/wp-json\/wp\/v2\/media?parent=2138"}],"curies":[{"name":"wp","href":"https:\/\/api.w.org\/{rel}","templated":true}]}}