{"id":2435,"date":"2016-07-04T22:23:09","date_gmt":"2016-07-04T20:23:09","guid":{"rendered":"http:\/\/pureveda.org\/?page_id=2435"},"modified":"2022-09-12T09:43:12","modified_gmt":"2022-09-12T07:43:12","slug":"starter","status":"publish","type":"page","link":"https:\/\/www.pureveda.org\/fr\/starter\/","title":{"rendered":"Starter"},"content":{"rendered":"[vc_row css=\u00a0\u00bb.vc_custom_1484143023360{margin-top: 80px !important;}\u00a0\u00bb][vc_column width=\u00a0\u00bb1\/3&Prime; css=\u00a0\u00bb.vc_custom_1484210849677{padding-top: 70px !important;}\u00a0\u00bb el_class=\u00a0\u00bbarticle-des-column\u00a0\u00bb][vc_column_text]\n<div class=\"article-des\">\n<h1 style=\"line-height: 1.2em; padding-bottom: 10px;\">Starter<\/h1>\n<p><span class=\"article-des-qualitybox\"><a class=\"pagetop-links\" style=\"font-size: 0.8em; color: #fff;\" href=\"..\/ueber-pureveda\/#quality\">Qualit\u00e9 par Puret\u00e9<\/a><\/span><\/p>\n<p class=\"article-des\" style=\"padding: 10px 0 20px;\">90 Capsules <span lang=\"fr\">v\u00e9g\u00e9taliennes<\/span><\/p>\n<p class=\"article-des\"><strong>Ingr\u00e9dients:<\/strong><\/p>\n<p class=\"article-des\">Guggulu Organique<br \/>\n(Commiphora Mukul)<br \/>\nNeem Organique<br \/>\nMumijo de cueillette sauvage<\/p>\n<p class=\"article-des\" style=\"padding-top: 20px;\">Article-Nr. PV001<br \/>\n29,90 \u20ac <span class=\"article-mwst\">7 % TVA incluse<\/span><\/p>\n<p class=\"article-des\" style=\"font-size: 0.75em; padding-top: 20px;\">Disponible chez Biotikon\u00ae<\/p>\n<p><a href=\"https:\/\/dr-med-michalzik.co.uk\/en\/Starter.html\" target=\"_blank\"><img loading=\"lazy\" decoding=\"async\" src=\"http:\/\/pureveda.org\/wp-content\/uploads\/2016\/08\/Acheter-button.png \" alt=\"hier-kaufen-button\" width=\"164\" height=\"77\" \/><\/a><\/p>\n<\/div>\n[\/vc_column_text][\/vc_column][vc_column width=\u00a0\u00bb1\/3&Prime; css=\u00a0\u00bb.vc_custom_1473147622299{padding-top: 40px !important;}\u00a0\u00bb][vc_column_text]<img decoding=\"async\" class=\"aligncenter\" src=\"http:\/\/pureveda.org\/wp-content\/uploads\/2016\/07\/Starter_Dose.jpg\" alt=\"Starter_Dose\" width=\"80%\" height=\"auto\" \/>[\/vc_column_text][\/vc_column][vc_column width=\u00a0\u00bb1\/3&Prime; el_class=\u00a0\u00bbarticle-des-column-rightside\u00a0\u00bb][vc_column_text]\n<p class=\"article-des-rightside\">Avec du Guggulu organique (myrrhe), Neem organique et Bio-Shilajit.<br \/>\nGuggulu est la myrrhe l\u00e9gendaire indienne. Neem vient de l&rsquo;arbre de neem.<\/p>\n<p class=\"article-des-rightside\">Les deux appartiennent aux plantes fortement purifiant dans l\u2019Ayurveda. Shilajit est riche en acide humique, acide fulvique et de nombreux min\u00e9raux. Cette mati\u00e8re premi\u00e8re, pr\u00e9cieuse, est r\u00e9colt\u00e9e dans les hautes altitudes de la r\u00e9gion himalayenne.<\/p>\n<p class=\"article-des-rightside\"><strong>Le PUREVEDA Starter est le point de d\u00e9part id\u00e9al pour tous les doshas. Aussi id\u00e9al avant de commencer avec Women Balance 20-45.<\/strong><\/p>\n<p class=\"article-des-rightside\"><strong>Convient aux v\u00e9g\u00e9tariens et aux v\u00e9g\u00e9taliens!<\/strong><\/p>\n[\/vc_column_text][\/vc_column][\/vc_row][vc_row content_placement=\u00a0\u00bbmiddle\u00a0\u00bb][vc_column][vc_column_text]\n<div class=\"last-button-position\"><a class=\"tooltip-last\" title=\"Cliquez ici pour le produit pr\u00e9c\u00e9dent.\" href=\"\/fr\/vata-harmonizer\/\"><span title=\"\"><img loading=\"lazy\" decoding=\"async\" class=\"last-product-icon\" src=\"\/wp-content\/uploads\/2016\/08\/test-icon_next.png\" alt=\"Last Product\" width=\"40\" height=\"40\" \/><\/span><\/a><\/div>\n<div class=\"next-button-position\"><a class=\"tooltip-next\" title=\"Cliquez ici pour le produit suivant.\" href=\"\/fr\/dosha-harmonizer\/\"><span title=\"\"><img loading=\"lazy\" decoding=\"async\" class=\"next-product-icon\" src=\"\/wp-content\/uploads\/2016\/08\/test-icon_next.png\" alt=\"next Product\" width=\"40\" height=\"40\" \/><\/span><\/a><\/div>\n[\/vc_column_text][\/vc_column][\/vc_row][vc_row][vc_column][vc_column_text]\n<div><a class=\"tooltip-back\" title=\"Cliquez ici pour retourner \u00e0 la s\u00e9lection des produits.\" href=\"\/fr\/nos-produits\/\"><span title=\"\"><img decoding=\"async\" class=\"product-overview\" src=\"\/wp-content\/uploads\/2017\/02\/dosenpikto.png\" alt=\"s\u00e9lection des produits\" width=\"auto\" height=\"35\" \/><\/span><\/a><\/div>\n[\/vc_column_text][\/vc_column][\/vc_row]","protected":false},"excerpt":{"rendered":"<p>[vc_row css=\u00a0\u00bb.vc_custom_1484143023360{margin-top: 80px !important;}\u00a0\u00bb][vc_column width=\u00a0\u00bb1\/3&Prime; css=\u00a0\u00bb.vc_custom_1484210849677{padding-top: 70px !important;}\u00a0\u00bb el_class=\u00a0\u00bbarticle-des-column\u00a0\u00bb][vc_column_text] Starter Qualit\u00e9 par Puret\u00e9 90 Capsules v\u00e9g\u00e9taliennes Ingr\u00e9dients: Guggulu Organique (Commiphora Mukul) Neem Organique Mumijo de cueillette sauvage Article-Nr. PV001 29,90 \u20ac 7 % TVA incluse Disponible chez Biotikon\u00ae [\/vc_column_text][\/vc_column][vc_column width=\u00a0\u00bb1\/3&Prime; css=\u00a0\u00bb.vc_custom_1473147622299{padding-top: 40px !important;}\u00a0\u00bb][vc_column_text][\/vc_column_text][\/vc_column][vc_column width=\u00a0\u00bb1\/3&Prime; el_class=\u00a0\u00bbarticle-des-column-rightside\u00a0\u00bb][vc_column_text] Avec du Guggulu organique (myrrhe), Neem organique et Bio-Shilajit. Guggulu est la myrrhe l\u00e9gendaire indienne. Neem vient de l&rsquo;arbre de neem. Les deux appartiennent aux plantes fortement purifiant dans l\u2019Ayurveda. Shilajit est riche en acide humique, acide fulvique et de nombreux min\u00e9raux. Cette mati\u00e8re premi\u00e8re, pr\u00e9cieuse, est r\u00e9colt\u00e9e dans les hautes altitudes de la r\u00e9gion himalayenne. Le PUREVEDA Starter est le point de d\u00e9part id\u00e9al pour tous les doshas. Aussi id\u00e9al avant de commencer avec Women Balance 20-45. Convient aux v\u00e9g\u00e9tariens et aux v\u00e9g\u00e9taliens! [\/vc_column_text][\/vc_column][\/vc_row][vc_row content_placement=\u00a0\u00bbmiddle\u00a0\u00bb][vc_column][vc_column_text] [\/vc_column_text][\/vc_column][\/vc_row][vc_row][vc_column][vc_column_text] [\/vc_column_text][\/vc_column][\/vc_row]<\/p>\n","protected":false},"author":1,"featured_media":0,"parent":0,"menu_order":0,"comment_status":"closed","ping_status":"closed","template":"","meta":{"footnotes":""},"class_list":["post-2435","page","type-page","status-publish","hentry","entry","post-inner"],"_links":{"self":[{"href":"https:\/\/www.pureveda.org\/fr\/wp-json\/wp\/v2\/pages\/2435","targetHints":{"allow":["GET"]}}],"collection":[{"href":"https:\/\/www.pureveda.org\/fr\/wp-json\/wp\/v2\/pages"}],"about":[{"href":"https:\/\/www.pureveda.org\/fr\/wp-json\/wp\/v2\/types\/page"}],"author":[{"embeddable":true,"href":"https:\/\/www.pureveda.org\/fr\/wp-json\/wp\/v2\/users\/1"}],"replies":[{"embeddable":true,"href":"https:\/\/www.pureveda.org\/fr\/wp-json\/wp\/v2\/comments?post=2435"}],"version-history":[{"count":185,"href":"https:\/\/www.pureveda.org\/fr\/wp-json\/wp\/v2\/pages\/2435\/revisions"}],"predecessor-version":[{"id":4284,"href":"https:\/\/www.pureveda.org\/fr\/wp-json\/wp\/v2\/pages\/2435\/revisions\/4284"}],"wp:attachment":[{"href":"https:\/\/www.pureveda.org\/fr\/wp-json\/wp\/v2\/media?parent=2435"}],"curies":[{"name":"wp","href":"https:\/\/api.w.org\/{rel}","templated":true}]}}