{"id":2480,"date":"2016-07-05T14:13:35","date_gmt":"2016-07-05T12:13:35","guid":{"rendered":"http:\/\/pureveda.org\/de\/?page_id=2480"},"modified":"2022-09-01T11:34:52","modified_gmt":"2022-09-01T09:34:52","slug":"dosha-harmonizer-2","status":"publish","type":"page","link":"https:\/\/www.pureveda.org\/fr\/dosha-harmonizer\/","title":{"rendered":"Dosha Harmonizer"},"content":{"rendered":"[vc_row][vc_column width=\u00a0\u00bb1\/3&Prime; css=\u00a0\u00bb.vc_custom_1484212503961{padding-top: 50px !important;}\u00a0\u00bb el_class=\u00a0\u00bbarticle-des-column\u00a0\u00bb][vc_column_text]\n<div class=\"article-des\">\n<h1 style=\"line-height: 1.2em; padding-bottom: 10px;\">Dosha<br \/>\nHarmonizer<\/h1>\n<p><span class=\"article-des-qualitybox\"><a class=\"pagetop-links\" style=\"font-size: 0.8em; color: #fff;\" href=\"..\/ueber-pureveda\/#quality\">Qualit\u00e9 par Puret\u00e9<\/a><\/span><\/p>\n<p class=\"article-des\" style=\"padding: 10px 0 20px;\">90 Capsules <span lang=\"fr\">v\u00e9g\u00e9taliennes<\/span><\/p>\n<p class=\"article-des\"><strong>Ingr\u00e9dients:<\/strong><\/p>\n<p class=\"article-des\">Triphala Organique<br \/>\nCurcuma Organique<br \/>\n(Curcuma longa)<br \/>\nMoringa Organique<\/p>\n<p class=\"article-des\" style=\"padding-top: 20px;\">Article-Nr. PV002<br \/>\n39,90 \u20ac <span class=\"article-mwst\">7 % TVA incluse<\/span><\/p>\n<p class=\"article-des\" style=\"font-size: 0.75em; padding-top: 20px;\">Disponible chez Biotikon\u00ae<\/p>\n<p><a href=\"https:\/\/dr-med-michalzik.co.uk\/en\/Dosha-Harmonizer.html\" target=\"_blank\"><img loading=\"lazy\" decoding=\"async\" src=\"http:\/\/pureveda.org\/wp-content\/uploads\/2016\/08\/Acheter-button.png \" alt=\"buy-now-button\" width=\"164\" height=\"77\" \/><\/a><\/p>\n<\/div>\n[\/vc_column_text][\/vc_column][vc_column width=\u00a0\u00bb1\/3&Prime; css=\u00a0\u00bb.vc_custom_1473148640926{padding-top: 50px !important;}\u00a0\u00bb][vc_column_text]<img decoding=\"async\" class=\"aligncenter\" src=\"http:\/\/pureveda.org\/wp-content\/uploads\/2016\/07\/Dosha-Harmonizer_Dose.jpg\" alt=\"Dosha Harmonnizer_Dose\" width=\"80%\" height=\"auto\" \/>[\/vc_column_text][\/vc_column][vc_column width=\u00a0\u00bb1\/3&Prime; el_class=\u00a0\u00bbarticle-des-column-rightside\u00a0\u00bb][vc_column_text]\n<p class=\"article-des-rightside\"><strong>Vous \u00eates incertain de quel Dosha a besoin de soutien, mais vous voulez faire l\u2019exp\u00e9rience d\u2019Ayurveda? Le Dosha Harmonizer est le bon choix pour vous.<\/strong><\/p>\n<p class=\"article-des-rightside\">Le Triphala unit en soi les trois \u00abfruits royales\u00bb de l&rsquo;Ayurveda : l\u2019Amalaki, le Bibhitaki et le Haritaki. Il est bien connu car il a un effet harmonisant sur les 3 doshas.<\/p>\n<p class=\"article-des-rightside\">Curcuma et Moringa harmonisent \u00e9galement les 3 doshas. Tous les ingr\u00e9dients du Dosha Harmonizer sont de qualit\u00e9 organique.<\/p>\n<p class=\"article-des-rightside\"><strong>Convient aux v\u00e9g\u00e9tariens et aux v\u00e9g\u00e9taliens!<\/strong><\/p>\n[\/vc_column_text][\/vc_column][\/vc_row][vc_row content_placement=\u00a0\u00bbmiddle\u00a0\u00bb][vc_column][vc_column_text]\n<div class=\"last-button-position\"><a class=\"tooltip-last\" title=\"Cliquez ici pour le produit pr\u00e9c\u00e9dent.\" href=\"\/fr\/starter\/\"><span title=\"\"><img loading=\"lazy\" decoding=\"async\" class=\"last-product-icon\" src=\"\/wp-content\/uploads\/2016\/08\/test-icon_next.png\" alt=\"Last Product\" width=\"40\" height=\"40\" \/><\/span><\/a><\/div>\n<div class=\"next-button-position\"><a class=\"tooltip-next\" title=\"Cliquez ici pour le produit suivant.\" href=\"\/fr\/women-Balance20-45\/\"><span title=\"\"><img loading=\"lazy\" decoding=\"async\" class=\"next-product-icon\" src=\"\/wp-content\/uploads\/2016\/08\/test-icon_next.png\" alt=\"next Product\" width=\"40\" height=\"40\" \/><\/span><\/a><\/div>\n[\/vc_column_text][\/vc_column][\/vc_row][vc_row][vc_column][vc_column_text]\n<div><a class=\"tooltip-back\" title=\"Cliquez ici pour retourner \u00e0 la s\u00e9lection des produits.\" href=\"\/fr\/nos-produits\/\"><span title=\"\"><img decoding=\"async\" class=\"product-overview\" src=\"\/wp-content\/uploads\/2017\/02\/dosenpikto.png\" alt=\"s\u00e9lection des produits\" width=\"auto\" height=\"35\" \/><\/span><\/a><\/div>\n[\/vc_column_text][\/vc_column][\/vc_row]","protected":false},"excerpt":{"rendered":"<p>[vc_row][vc_column width=\u00a0\u00bb1\/3&Prime; css=\u00a0\u00bb.vc_custom_1484212503961{padding-top: 50px !important;}\u00a0\u00bb el_class=\u00a0\u00bbarticle-des-column\u00a0\u00bb][vc_column_text] Dosha Harmonizer Qualit\u00e9 par Puret\u00e9 90 Capsules v\u00e9g\u00e9taliennes Ingr\u00e9dients: Triphala Organique Curcuma Organique (Curcuma longa) Moringa Organique Article-Nr. PV002 39,90 \u20ac 7 % TVA incluse Disponible chez Biotikon\u00ae [\/vc_column_text][\/vc_column][vc_column width=\u00a0\u00bb1\/3&Prime; css=\u00a0\u00bb.vc_custom_1473148640926{padding-top: 50px !important;}\u00a0\u00bb][vc_column_text][\/vc_column_text][\/vc_column][vc_column width=\u00a0\u00bb1\/3&Prime; el_class=\u00a0\u00bbarticle-des-column-rightside\u00a0\u00bb][vc_column_text] Vous \u00eates incertain de quel Dosha a besoin de soutien, mais vous voulez faire l\u2019exp\u00e9rience d\u2019Ayurveda? Le Dosha Harmonizer est le bon choix pour vous. Le Triphala unit en soi les trois \u00abfruits royales\u00bb de l&rsquo;Ayurveda : l\u2019Amalaki, le Bibhitaki et le Haritaki. Il est bien connu car il a un effet harmonisant sur les 3 doshas. Curcuma et Moringa harmonisent \u00e9galement les 3 doshas. Tous les ingr\u00e9dients du Dosha Harmonizer sont de qualit\u00e9 organique. Convient aux v\u00e9g\u00e9tariens et aux v\u00e9g\u00e9taliens! [\/vc_column_text][\/vc_column][\/vc_row][vc_row content_placement=\u00a0\u00bbmiddle\u00a0\u00bb][vc_column][vc_column_text] [\/vc_column_text][\/vc_column][\/vc_row][vc_row][vc_column][vc_column_text] [\/vc_column_text][\/vc_column][\/vc_row]<\/p>\n","protected":false},"author":1,"featured_media":0,"parent":0,"menu_order":0,"comment_status":"closed","ping_status":"closed","template":"","meta":{"footnotes":""},"class_list":["post-2480","page","type-page","status-publish","hentry","entry","post-inner"],"_links":{"self":[{"href":"https:\/\/www.pureveda.org\/fr\/wp-json\/wp\/v2\/pages\/2480","targetHints":{"allow":["GET"]}}],"collection":[{"href":"https:\/\/www.pureveda.org\/fr\/wp-json\/wp\/v2\/pages"}],"about":[{"href":"https:\/\/www.pureveda.org\/fr\/wp-json\/wp\/v2\/types\/page"}],"author":[{"embeddable":true,"href":"https:\/\/www.pureveda.org\/fr\/wp-json\/wp\/v2\/users\/1"}],"replies":[{"embeddable":true,"href":"https:\/\/www.pureveda.org\/fr\/wp-json\/wp\/v2\/comments?post=2480"}],"version-history":[{"count":76,"href":"https:\/\/www.pureveda.org\/fr\/wp-json\/wp\/v2\/pages\/2480\/revisions"}],"predecessor-version":[{"id":4264,"href":"https:\/\/www.pureveda.org\/fr\/wp-json\/wp\/v2\/pages\/2480\/revisions\/4264"}],"wp:attachment":[{"href":"https:\/\/www.pureveda.org\/fr\/wp-json\/wp\/v2\/media?parent=2480"}],"curies":[{"name":"wp","href":"https:\/\/api.w.org\/{rel}","templated":true}]}}