{"id":2501,"date":"2016-07-05T14:57:23","date_gmt":"2016-07-05T12:57:23","guid":{"rendered":"http:\/\/pureveda.org\/de\/?page_id=2501"},"modified":"2017-05-03T09:51:12","modified_gmt":"2017-05-03T07:51:12","slug":"vata-harmonizer-2","status":"publish","type":"page","link":"https:\/\/www.pureveda.org\/fr\/vata-harmonizer\/","title":{"rendered":"Vata Harmonizer"},"content":{"rendered":"[vc_row][vc_column width=\u00a0\u00bb1\/3&Prime; css=\u00a0\u00bb.vc_custom_1484218747671{padding-top: 20px !important;}\u00a0\u00bb el_class=\u00a0\u00bbarticle-des-column\u00a0\u00bb][vc_column_text]\n<div class=\"article-des\">\n<h1 style=\"line-height: 1.2em; padding-bottom: 10px;\">Vata<br \/>\nHarmonizer<\/h1>\n<p><span class=\"article-des-qualitybox\"><a class=\"pagetop-links\" style=\"font-size: 0.8em; color: #fff;\" href=\"..\/ueber-pureveda\/#quality\">Qualit\u00e9 par Puret\u00e9<\/a><\/span><\/p>\n<p class=\"article-des\" style=\"padding: 10px 0 20px;\">90 Capsules <span lang=\"fr\">v\u00e9g\u00e9taliennes<\/span><\/p>\n<p class=\"article-des\"><strong>Ingr\u00e9dients:<\/strong><\/p>\n<p class=\"article-des\">Haritaki Organique<br \/>\nAshwagandha Organique<br \/>\nSalai Guggal Organique<br \/>\n(Boswellia serrata)<\/p>\n<p class=\"article-des\" style=\"padding-top: 20px;\">Article-Nr. PV003<br \/>\n39,90 \u20ac <span class=\"article-mwst\">7 % TVA incluse<\/span><\/p>\n<p class=\"article-des\" style=\"font-size: 0.75em; padding-top: 20px;\">Disponible chez Biotikon\u00ae<\/p>\n<p><a href=\"https:\/\/dr-med-michalzik.co.uk\/en\/Vata-Harmonizer.html\" target=\"_blank\"><img loading=\"lazy\" decoding=\"async\" src=\"http:\/\/pureveda.org\/wp-content\/uploads\/2016\/08\/Acheter-button.png \" alt=\"buy-now-button\" width=\"164\" height=\"77\" \/><\/a><\/p>\n<\/div>\n[\/vc_column_text][\/vc_column][vc_column width=\u00a0\u00bb1\/3&Prime; css=\u00a0\u00bb.vc_custom_1473149979311{padding-top: 20px !important;}\u00a0\u00bb][vc_column_text]<img decoding=\"async\" class=\"aligncenter\" src=\"http:\/\/pureveda.org\/wp-content\/uploads\/2016\/07\/Vata-Harmonizer_Dose.jpg\" alt=\"Vata Harmonnizer_Dose\" width=\"80%\" height=\"auto\" \/>[\/vc_column_text][\/vc_column][vc_column width=\u00a0\u00bb1\/3&Prime; el_class=\u00a0\u00bbarticle-des-column-rightside\u00a0\u00bb][vc_column_text]\n<p class=\"article-des-rightside\"><strong>Calmez votre \u00e9l\u00e9ment air avec le Vata Harmonizer.<\/strong><\/p>\n<p class=\"article-des-rightside\">Le Vata Harmonizer avec du Haritaki organique, ashwagandha organique et de l&rsquo;encens organique. Dans la constitution Vata, le vent est l&rsquo;\u00e9l\u00e9ment pr\u00e9dominant. Dans l&rsquo;Ayurveda, trop de vent peut conduire \u00e0 la s\u00e9cheresse et l&rsquo;agitation dans le corps.<\/p>\n<p class=\"article-des-rightside\">Ce m\u00e9lange \u00e9quilibr\u00e9e des plantes ayurv\u00e9dique a \u00e9t\u00e9 con\u00e7u pour harmoniser les contraintes internes.<\/p>\n<p class=\"article-des-rightside\"><strong>Convient aux v\u00e9g\u00e9tariens et aux v\u00e9g\u00e9taliens!<\/strong><\/p>\n[\/vc_column_text][\/vc_column][\/vc_row][vc_row content_placement=\u00a0\u00bbmiddle\u00a0\u00bb][vc_column][vc_column_text]\n<div class=\"last-button-position\"><a class=\"tooltip-last\" title=\"Cliquez ici pour le produit pr\u00e9c\u00e9dent.\" href=\"\/fr\/kapha-harmonizer\/\"><span title=\"\"><img loading=\"lazy\" decoding=\"async\" class=\"last-product-icon\" src=\"\/wp-content\/uploads\/2016\/08\/test-icon_next.png\" alt=\"Last Product\" width=\"40\" height=\"40\" \/><\/span><\/a><\/div>\n<div class=\"next-button-position\"><a class=\"tooltip-next\" title=\"Cliquez ici pour le produit suivant.\" href=\"\/fr\/starter\/\"><span title=\"\"><img loading=\"lazy\" decoding=\"async\" class=\"next-product-icon\" src=\"\/wp-content\/uploads\/2016\/08\/test-icon_next.png\" alt=\"next Product\" width=\"40\" height=\"40\" \/><\/span><\/a><\/div>\n[\/vc_column_text][\/vc_column][\/vc_row][vc_row][vc_column][vc_column_text]\n<div><a class=\"tooltip-back\" title=\"Cliquez ici pour retourner \u00e0 la s\u00e9lection des produits.\" href=\"\/fr\/nos-produits\/\"><span title=\"\"><img decoding=\"async\" class=\"product-overview\" src=\"\/wp-content\/uploads\/2017\/02\/dosenpikto.png\" alt=\"s\u00e9lection des produits\" width=\"auto\" height=\"35\" \/><\/span><\/a><\/div>\n[\/vc_column_text][\/vc_column][\/vc_row]","protected":false},"excerpt":{"rendered":"<p>[vc_row][vc_column width=\u00a0\u00bb1\/3&Prime; css=\u00a0\u00bb.vc_custom_1484218747671{padding-top: 20px !important;}\u00a0\u00bb el_class=\u00a0\u00bbarticle-des-column\u00a0\u00bb][vc_column_text] Vata Harmonizer Qualit\u00e9 par Puret\u00e9 90 Capsules v\u00e9g\u00e9taliennes Ingr\u00e9dients: Haritaki Organique Ashwagandha Organique Salai Guggal Organique (Boswellia serrata) Article-Nr. PV003 39,90 \u20ac 7 % TVA incluse Disponible chez Biotikon\u00ae [\/vc_column_text][\/vc_column][vc_column width=\u00a0\u00bb1\/3&Prime; css=\u00a0\u00bb.vc_custom_1473149979311{padding-top: 20px !important;}\u00a0\u00bb][vc_column_text][\/vc_column_text][\/vc_column][vc_column width=\u00a0\u00bb1\/3&Prime; el_class=\u00a0\u00bbarticle-des-column-rightside\u00a0\u00bb][vc_column_text] Calmez votre \u00e9l\u00e9ment air avec le Vata Harmonizer. Le Vata Harmonizer avec du Haritaki organique, ashwagandha organique et de l&rsquo;encens organique. Dans la constitution Vata, le vent est l&rsquo;\u00e9l\u00e9ment pr\u00e9dominant. Dans l&rsquo;Ayurveda, trop de vent peut conduire \u00e0 la s\u00e9cheresse et l&rsquo;agitation dans le corps. Ce m\u00e9lange \u00e9quilibr\u00e9e des plantes ayurv\u00e9dique a \u00e9t\u00e9 con\u00e7u pour harmoniser les contraintes internes. Convient aux v\u00e9g\u00e9tariens et aux v\u00e9g\u00e9taliens! [\/vc_column_text][\/vc_column][\/vc_row][vc_row content_placement=\u00a0\u00bbmiddle\u00a0\u00bb][vc_column][vc_column_text] [\/vc_column_text][\/vc_column][\/vc_row][vc_row][vc_column][vc_column_text] [\/vc_column_text][\/vc_column][\/vc_row]<\/p>\n","protected":false},"author":1,"featured_media":0,"parent":0,"menu_order":0,"comment_status":"closed","ping_status":"closed","template":"","meta":{"footnotes":""},"class_list":["post-2501","page","type-page","status-publish","hentry","entry","post-inner"],"_links":{"self":[{"href":"https:\/\/www.pureveda.org\/fr\/wp-json\/wp\/v2\/pages\/2501","targetHints":{"allow":["GET"]}}],"collection":[{"href":"https:\/\/www.pureveda.org\/fr\/wp-json\/wp\/v2\/pages"}],"about":[{"href":"https:\/\/www.pureveda.org\/fr\/wp-json\/wp\/v2\/types\/page"}],"author":[{"embeddable":true,"href":"https:\/\/www.pureveda.org\/fr\/wp-json\/wp\/v2\/users\/1"}],"replies":[{"embeddable":true,"href":"https:\/\/www.pureveda.org\/fr\/wp-json\/wp\/v2\/comments?post=2501"}],"version-history":[{"count":40,"href":"https:\/\/www.pureveda.org\/fr\/wp-json\/wp\/v2\/pages\/2501\/revisions"}],"predecessor-version":[{"id":4008,"href":"https:\/\/www.pureveda.org\/fr\/wp-json\/wp\/v2\/pages\/2501\/revisions\/4008"}],"wp:attachment":[{"href":"https:\/\/www.pureveda.org\/fr\/wp-json\/wp\/v2\/media?parent=2501"}],"curies":[{"name":"wp","href":"https:\/\/api.w.org\/{rel}","templated":true}]}}