{"id":2505,"date":"2016-07-05T14:59:54","date_gmt":"2016-07-05T12:59:54","guid":{"rendered":"http:\/\/pureveda.org\/de\/?page_id=2505"},"modified":"2017-03-08T15:53:46","modified_gmt":"2017-03-08T14:53:46","slug":"pitta-harmonizer-2","status":"publish","type":"page","link":"https:\/\/www.pureveda.org\/fr\/pitta-harmonizer\/","title":{"rendered":"Pitta Harmonizer"},"content":{"rendered":"[vc_row][vc_column width=\u00a0\u00bb1\/3&Prime; css=\u00a0\u00bb.vc_custom_1484212458950{padding-top: 50px !important;}\u00a0\u00bb el_class=\u00a0\u00bbarticle-des-column\u00a0\u00bb][vc_column_text]\n<div class=\"article-des\">\n<h1 style=\"line-height: 1.2em; padding-bottom: 10px;\">Pitta<br \/>\nHarmonizer<\/h1>\n<p><span class=\"article-des-qualitybox\"><a class=\"pagetop-links\" style=\"font-size: 0.8em; color: #fff;\" href=\"..\/ueber-pureveda\/#quality\">Qualit\u00e9 par Puret\u00e9<\/a><\/span><\/p>\n<p class=\"article-des\" style=\"padding: 10px 0 20px;\">90 Capsules <span lang=\"fr\">v\u00e9g\u00e9taliennes<\/span><\/p>\n<p class=\"article-des\"><strong>Ingr\u00e9dients:<\/strong><\/p>\n<p class=\"article-des\">Amalaki Organique<br \/>\nAshoka Organique<br \/>\nCurcuma Organique<br \/>\n(Curcuma longa)<br \/>\nCoriandre (Cilantro) Organique<\/p>\n<p class=\"article-des\" style=\"padding-top: 20px;\">Article-Nr. PV004<br \/>\n39,90 \u20ac <span class=\"article-mwst\">7 % TVA incluse<\/span><\/p>\n<p class=\"article-des\" style=\"font-size: 0.75em; padding-top: 20px;\">Disponible chez Biotikon\u00ae<\/p>\n<p><a href=\"https:\/\/dr-med-michalzik.co.uk\/en\/Pitta-Harmonizer.html\" target=\"_blank\"><img loading=\"lazy\" decoding=\"async\" src=\"http:\/\/pureveda.org\/wp-content\/uploads\/2016\/08\/Acheter-button.png \" alt=\"buy-now-button\" width=\"164\" height=\"77\" \/><\/a><\/p>\n<\/div>\n[\/vc_column_text][\/vc_column][vc_column width=\u00a0\u00bb1\/3&Prime; css=\u00a0\u00bb.vc_custom_1473149608924{padding-top: 20px !important;}\u00a0\u00bb][vc_column_text]<img decoding=\"async\" class=\"aligncenter\" src=\"http:\/\/pureveda.org\/wp-content\/uploads\/2016\/07\/Pitta-Harmonizer_Dose.jpg\" alt=\"Pitta Harmonizer_Dose\" width=\"80%\" height=\"auto\" \/>[\/vc_column_text][\/vc_column][vc_column width=\u00a0\u00bb1\/3&Prime; el_class=\u00a0\u00bbarticle-des-column-rightside\u00a0\u00bb][vc_column_text]\n<p class=\"article-des-rightside\"><strong>Harmonisez votre \u00e9l\u00e9ment feu avec le Pitta Harmonizer.<\/strong><\/p>\n<p class=\"article-des-rightside\">L&rsquo;\u00e9l\u00e9ment dominant de la constitution pitta est le feu. Dans les \u00c9critures v\u00e9diques, le feu est responsable du principe m\u00e9tabolique et le tube digestif ou m\u00eame des \u00e9motions fortes.<\/p>\n<p class=\"article-des-rightside\">Le Pitta Harmonizer est une recette d\u2019herbes ayurv\u00e9diques s\u00e9lectionn\u00e9s avec de l\u2019Amalaki organique, Ashoka organique, du coriandre et du curcuma organique. Il vous aide \u00e0 \u00eatre en harmonie avec vous-m\u00eame et \u00e0 trouver la paix int\u00e9rieure.<\/p>\n<p class=\"article-des-rightside\"><strong>Convient aux v\u00e9g\u00e9tariens et aux v\u00e9g\u00e9taliens!<\/strong><\/p>\n[\/vc_column_text][\/vc_column][\/vc_row][vc_row content_placement=\u00a0\u00bbmiddle\u00a0\u00bb][vc_column][vc_column_text]\n<div class=\"next-button-position\"><a class=\"tooltip-next\" title=\"Cliquez ici pour le produit suivant.\" href=\"\/fr\/kapha-harmonizer\/\"><span title=\"\"><img loading=\"lazy\" decoding=\"async\" class=\"next-product-icon\" src=\"\/wp-content\/uploads\/2016\/08\/test-icon_next.png\" alt=\"next Product\" width=\"40\" height=\"40\" \/><\/span><\/a><\/div>\n[\/vc_column_text][\/vc_column][\/vc_row][vc_row][vc_column][vc_column_text]\n<div><a class=\"tooltip-back\" title=\"Cliquez ici pour retourner \u00e0 la s\u00e9lection des produits.\" href=\"\/fr\/nos-produits\/\"><span title=\"\"><img decoding=\"async\" class=\"product-overview\" src=\"\/wp-content\/uploads\/2017\/02\/dosenpikto.png\" alt=\"s\u00e9lection des produits\" width=\"auto\" height=\"35\" \/><\/span><\/a><\/div>\n[\/vc_column_text][\/vc_column][\/vc_row]","protected":false},"excerpt":{"rendered":"<p>[vc_row][vc_column width=\u00a0\u00bb1\/3&Prime; css=\u00a0\u00bb.vc_custom_1484212458950{padding-top: 50px !important;}\u00a0\u00bb el_class=\u00a0\u00bbarticle-des-column\u00a0\u00bb][vc_column_text] Pitta Harmonizer Qualit\u00e9 par Puret\u00e9 90 Capsules v\u00e9g\u00e9taliennes Ingr\u00e9dients: Amalaki Organique Ashoka Organique Curcuma Organique (Curcuma longa) Coriandre (Cilantro) Organique Article-Nr. PV004 39,90 \u20ac 7 % TVA incluse Disponible chez Biotikon\u00ae [\/vc_column_text][\/vc_column][vc_column width=\u00a0\u00bb1\/3&Prime; css=\u00a0\u00bb.vc_custom_1473149608924{padding-top: 20px !important;}\u00a0\u00bb][vc_column_text][\/vc_column_text][\/vc_column][vc_column width=\u00a0\u00bb1\/3&Prime; el_class=\u00a0\u00bbarticle-des-column-rightside\u00a0\u00bb][vc_column_text] Harmonisez votre \u00e9l\u00e9ment feu avec le Pitta Harmonizer. L&rsquo;\u00e9l\u00e9ment dominant de la constitution pitta est le feu. Dans les \u00c9critures v\u00e9diques, le feu est responsable du principe m\u00e9tabolique et le tube digestif ou m\u00eame des \u00e9motions fortes. Le Pitta Harmonizer est une recette d\u2019herbes ayurv\u00e9diques s\u00e9lectionn\u00e9s avec de l\u2019Amalaki organique, Ashoka organique, du coriandre et du curcuma organique. Il vous aide \u00e0 \u00eatre en harmonie avec vous-m\u00eame et \u00e0 trouver la paix int\u00e9rieure. Convient aux v\u00e9g\u00e9tariens et aux v\u00e9g\u00e9taliens! [\/vc_column_text][\/vc_column][\/vc_row][vc_row content_placement=\u00a0\u00bbmiddle\u00a0\u00bb][vc_column][vc_column_text] [\/vc_column_text][\/vc_column][\/vc_row][vc_row][vc_column][vc_column_text] [\/vc_column_text][\/vc_column][\/vc_row]<\/p>\n","protected":false},"author":1,"featured_media":0,"parent":0,"menu_order":0,"comment_status":"closed","ping_status":"closed","template":"","meta":{"footnotes":""},"class_list":["post-2505","page","type-page","status-publish","hentry","entry","post-inner"],"_links":{"self":[{"href":"https:\/\/www.pureveda.org\/fr\/wp-json\/wp\/v2\/pages\/2505","targetHints":{"allow":["GET"]}}],"collection":[{"href":"https:\/\/www.pureveda.org\/fr\/wp-json\/wp\/v2\/pages"}],"about":[{"href":"https:\/\/www.pureveda.org\/fr\/wp-json\/wp\/v2\/types\/page"}],"author":[{"embeddable":true,"href":"https:\/\/www.pureveda.org\/fr\/wp-json\/wp\/v2\/users\/1"}],"replies":[{"embeddable":true,"href":"https:\/\/www.pureveda.org\/fr\/wp-json\/wp\/v2\/comments?post=2505"}],"version-history":[{"count":66,"href":"https:\/\/www.pureveda.org\/fr\/wp-json\/wp\/v2\/pages\/2505\/revisions"}],"predecessor-version":[{"id":3905,"href":"https:\/\/www.pureveda.org\/fr\/wp-json\/wp\/v2\/pages\/2505\/revisions\/3905"}],"wp:attachment":[{"href":"https:\/\/www.pureveda.org\/fr\/wp-json\/wp\/v2\/media?parent=2505"}],"curies":[{"name":"wp","href":"https:\/\/api.w.org\/{rel}","templated":true}]}}