{"id":2511,"date":"2016-07-05T15:04:00","date_gmt":"2016-07-05T13:04:00","guid":{"rendered":"http:\/\/pureveda.org\/de\/?page_id=2511"},"modified":"2022-09-01T12:21:37","modified_gmt":"2022-09-01T10:21:37","slug":"kumari","status":"publish","type":"page","link":"https:\/\/www.pureveda.org\/fr\/women-balance20-45\/","title":{"rendered":"Women Balance 20 &#8211; 45 Jahre"},"content":{"rendered":"[vc_row][vc_column width=\u00a0\u00bb1\/3&Prime; css=\u00a0\u00bb.vc_custom_1484219271866{padding-top: 20px !important;padding-right: 5% !important;padding-left: 5% !important;}\u00a0\u00bb el_class=\u00a0\u00bbarticle-des-column\u00a0\u00bb][vc_column_text]\n<div class=\"article-des\">\n<h1 style=\"line-height: 1.2em; padding-bottom: 10px;\">Women Balance<\/h1>\n<p><span class=\"article-des-qualitybox\"><a class=\"pagetop-links\" style=\"font-size: 0.8em; color: #fff;\" href=\"..\/ueber-pureveda\/#quality\">Qualit\u00e9 par Puret\u00e9<\/a><\/span><\/p>\n<p class=\"article-des\" style=\"padding: 10px 0 20px;\">pour les femmes<br \/>\njusqu&rsquo;\u00e0 45 ans<\/p>\n<p class=\"article-des\" style=\"padding-bottom: 20px;\">90 Capsules v\u00e9g\u00e9taliennes<\/p>\n<p class=\"article-des\"><strong>Ingr\u00e9dients:<\/strong><\/p>\n<p class=\"article-des\" style=\"line-height: 1.05em;\">Ashoka Organique<br \/>\nMumijo de cueillette sauvage<br \/>\nShatavari Organique<br \/>\nTulsi Organique<br \/>\nCordyceps sinensis<br \/>\nResv\u00e9ratrol de<br \/>\nPolygonum cuspidatum<br \/>\nVitamine B6,<br \/>\nbiologiquement active comme le<br \/>\nPyridoxal-5-Phosphate<br \/>\nAcide folique (Vitamine B9),<br \/>\nbiologiquement active comme<br \/>\n<span class=\"b2\">M\u00e9thylt\u00e9trahydrofolate<\/span><br \/>\nVitamine B12,<br \/>\nbiologiquement active comme<br \/>\nla M\u00e9thylcobalamine<br \/>\nVitamine D3 (v\u00e9g\u00e9talienne)<\/p>\n<p class=\"article-des\" style=\"padding-top: 20px;\">Article-Nr. PV006<br \/>\n49,90 \u20ac <span class=\"article-mwst\">7 % TVA incluse<\/span><\/p>\n<p class=\"article-des\" style=\"font-size: 0.75em; padding-top: 20px;\">Disponible chez Biotikon\u00ae<\/p>\n<p><a href=\"https:\/\/www.biotikon.fr\/fr\/Women-Balance-20-45-ans.html\" target=\"_blank\"><img loading=\"lazy\" decoding=\"async\" src=\"http:\/\/pureveda.org\/wp-content\/uploads\/2016\/08\/Acheter-button.png \" alt=\"buy-now-button\" width=\"164\" height=\"77\" \/><\/a><\/p>\n<\/div>\n[\/vc_column_text][\/vc_column][vc_column width=\u00a0\u00bb1\/3&Prime; css=\u00a0\u00bb.vc_custom_1473150580735{padding-top: 20px !important;}\u00a0\u00bb][vc_column_text]<img decoding=\"async\" class=\"aligncenter\" src=\"https:\/\/pureveda.org\/wp-content\/uploads\/2022\/09\/Women-Balance-20-45_dose-kapseln-spiegelung.jpg\" alt=\"Women Balance 20 - 45 Jahre\" width=\"80%\" height=\"auto\" \/>[\/vc_column_text][\/vc_column][vc_column width=\u00a0\u00bb1\/3&Prime; el_class=\u00a0\u00bbarticle-des-column-rightside\u00a0\u00bb][vc_column_text]\n<p class=\"article-des-rightside\"><strong>Aimez votre f\u00e9minit\u00e9. Aimez votre vie.<\/strong><\/p>\n<p class=\"article-des-rightside\">Une recette, pour les femmes jusqu&rsquo;\u00e0 45 ans, qui nourrit et harmonise la f\u00e9minit\u00e9 int\u00e9rieure. Women Balance 20 &#8211; 45 Ans contient du Shatavari organique, du Tulsi organique, de l\u2019Ashoka organique et 7 autres ingr\u00e9dients pr\u00e9cieux.<\/p>\n<p class=\"article-des-rightside\">Contient de la vitamine D v\u00e9g\u00e9talienne et \u00e0 forte dose, les vitamines bioactif B6, B12 et acide folique. Women Balance 20 &#8211; 45 Ans, un m\u00e9lange sp\u00e9cialement mixte de plantes ayurv\u00e9diques traditionnelles, combin\u00e9e \u00e0 la connaissance de la recherche occidentale. La vitamine B6 contribue \u00e0 la r\u00e9gulation d&rsquo;une activit\u00e9 hormonale normale.<\/p>\n<p class=\"article-des-rightside\"><strong>En particulier apr\u00e8s un traitement avec le d\u00e9marreur Pureveda.<\/strong><\/p>\n<p class=\"article-des-rightside\"><strong>Convient aux v\u00e9g\u00e9tariens et aux v\u00e9g\u00e9taliens!<\/strong><\/p>\n[\/vc_column_text][\/vc_column][\/vc_row][vc_row content_placement=\u00a0\u00bbmiddle\u00a0\u00bb][vc_column][vc_column_text]\n<div class=\"last-button-position\"><a class=\"tooltip-last\" title=\"Cliquez ici pour le produit pr\u00e9c\u00e9dent.\" href=\"\/fr\/dosha-harmonizer\/\"><span title=\"\"><img loading=\"lazy\" decoding=\"async\" class=\"last-product-icon\" src=\"\/wp-content\/uploads\/2016\/08\/test-icon_next.png\" alt=\"Last Product\" width=\"40\" height=\"40\" \/><\/span><\/a><\/div>\n<div class=\"next-button-position\"><a class=\"tooltip-next\" title=\"Cliquez ici pour le produit suivant.\" href=\"\/fr\/women-Balance45-55\/\"><span title=\"\"><img loading=\"lazy\" decoding=\"async\" class=\"next-product-icon\" src=\"\/wp-content\/uploads\/2016\/08\/test-icon_next.png\" alt=\"next Product\" width=\"40\" height=\"40\" \/><\/span><\/a><\/div>\n[\/vc_column_text][\/vc_column][\/vc_row][vc_row][vc_column][vc_column_text]\n<div><a class=\"tooltip-back\" title=\"Cliquez ici pour retourner \u00e0 la s\u00e9lection des produits.\" href=\"\/fr\/nos-produits\/\"><span title=\"\"><img decoding=\"async\" class=\"product-overview\" src=\"\/wp-content\/uploads\/2017\/02\/dosenpikto.png\" alt=\"s\u00e9lection des produits\" width=\"auto\" height=\"35\" \/><\/span><\/a><\/div>\n[\/vc_column_text][\/vc_column][\/vc_row]","protected":false},"excerpt":{"rendered":"<p>[vc_row][vc_column width=\u00a0\u00bb1\/3&Prime; css=\u00a0\u00bb.vc_custom_1484219271866{padding-top: 20px !important;padding-right: 5% !important;padding-left: 5% !important;}\u00a0\u00bb el_class=\u00a0\u00bbarticle-des-column\u00a0\u00bb][vc_column_text] Women Balance Qualit\u00e9 par Puret\u00e9 pour les femmes jusqu&rsquo;\u00e0 45 ans 90 Capsules v\u00e9g\u00e9taliennes Ingr\u00e9dients: Ashoka Organique Mumijo de cueillette sauvage Shatavari Organique Tulsi Organique Cordyceps sinensis Resv\u00e9ratrol de Polygonum cuspidatum Vitamine B6, biologiquement active comme le Pyridoxal-5-Phosphate Acide folique (Vitamine B9), biologiquement active comme M\u00e9thylt\u00e9trahydrofolate Vitamine B12, biologiquement active comme la M\u00e9thylcobalamine Vitamine D3 (v\u00e9g\u00e9talienne) Article-Nr. PV006 49,90 \u20ac 7 % TVA incluse Disponible chez Biotikon\u00ae [\/vc_column_text][\/vc_column][vc_column width=\u00a0\u00bb1\/3&Prime; css=\u00a0\u00bb.vc_custom_1473150580735{padding-top: 20px !important;}\u00a0\u00bb][vc_column_text][\/vc_column_text][\/vc_column][vc_column width=\u00a0\u00bb1\/3&Prime; el_class=\u00a0\u00bbarticle-des-column-rightside\u00a0\u00bb][vc_column_text] Aimez votre f\u00e9minit\u00e9. Aimez votre vie. Une recette, pour les femmes jusqu&rsquo;\u00e0 45 ans, qui nourrit et harmonise la f\u00e9minit\u00e9 int\u00e9rieure. Women Balance 20 &#8211; 45 Ans contient du Shatavari organique, du Tulsi organique, de l\u2019Ashoka organique et 7 autres ingr\u00e9dients pr\u00e9cieux. Contient de la vitamine D v\u00e9g\u00e9talienne et \u00e0 forte dose, les vitamines bioactif B6, B12 et acide folique. Women Balance 20 &#8211; 45 Ans, un m\u00e9lange sp\u00e9cialement mixte de plantes ayurv\u00e9diques traditionnelles, combin\u00e9e \u00e0 la connaissance de la recherche occidentale. La vitamine B6 contribue \u00e0 la r\u00e9gulation d&rsquo;une activit\u00e9 hormonale normale. En particulier apr\u00e8s un traitement avec le d\u00e9marreur Pureveda. Convient aux v\u00e9g\u00e9tariens et aux v\u00e9g\u00e9taliens! [\/vc_column_text][\/vc_column][\/vc_row][vc_row content_placement=\u00a0\u00bbmiddle\u00a0\u00bb][vc_column][vc_column_text] [\/vc_column_text][\/vc_column][\/vc_row][vc_row][vc_column][vc_column_text] [\/vc_column_text][\/vc_column][\/vc_row]<\/p>\n","protected":false},"author":1,"featured_media":0,"parent":0,"menu_order":0,"comment_status":"closed","ping_status":"closed","template":"","meta":{"footnotes":""},"class_list":["post-2511","page","type-page","status-publish","hentry","entry","post-inner"],"_links":{"self":[{"href":"https:\/\/www.pureveda.org\/fr\/wp-json\/wp\/v2\/pages\/2511","targetHints":{"allow":["GET"]}}],"collection":[{"href":"https:\/\/www.pureveda.org\/fr\/wp-json\/wp\/v2\/pages"}],"about":[{"href":"https:\/\/www.pureveda.org\/fr\/wp-json\/wp\/v2\/types\/page"}],"author":[{"embeddable":true,"href":"https:\/\/www.pureveda.org\/fr\/wp-json\/wp\/v2\/users\/1"}],"replies":[{"embeddable":true,"href":"https:\/\/www.pureveda.org\/fr\/wp-json\/wp\/v2\/comments?post=2511"}],"version-history":[{"count":69,"href":"https:\/\/www.pureveda.org\/fr\/wp-json\/wp\/v2\/pages\/2511\/revisions"}],"predecessor-version":[{"id":4276,"href":"https:\/\/www.pureveda.org\/fr\/wp-json\/wp\/v2\/pages\/2511\/revisions\/4276"}],"wp:attachment":[{"href":"https:\/\/www.pureveda.org\/fr\/wp-json\/wp\/v2\/media?parent=2511"}],"curies":[{"name":"wp","href":"https:\/\/api.w.org\/{rel}","templated":true}]}}