{"id":2515,"date":"2016-07-05T15:04:51","date_gmt":"2016-07-05T13:04:51","guid":{"rendered":"http:\/\/pureveda.org\/de\/?page_id=2515"},"modified":"2022-09-01T16:52:46","modified_gmt":"2022-09-01T14:52:46","slug":"shakti","status":"publish","type":"page","link":"https:\/\/www.pureveda.org\/fr\/women-balance45-55\/","title":{"rendered":"Women Balance 45 &#8211; 55 Ans"},"content":{"rendered":"[vc_row][vc_column width=\u00a0\u00bb1\/3&Prime; css=\u00a0\u00bb.vc_custom_1484219745402{padding-top: 20px !important;}\u00a0\u00bb el_class=\u00a0\u00bbarticle-des-column\u00a0\u00bb][vc_column_text]\n<div class=\"article-des\">\n<h1 style=\"line-height: 1.2em; padding-bottom: 10px;\">Women Balance<\/h1>\n<p><span class=\"article-des-qualitybox\"><a class=\"pagetop-links\" style=\"font-size: 0.8em; color: #fff;\" href=\"..\/ueber-pureveda\/#quality\">Qualit\u00e9 par Puret\u00e9<\/a><\/span><\/p>\n<p class=\"article-des\" style=\"padding: 10px 0 20px;\">pour les femmes entre 45-55 ans<\/p>\n<p class=\"article-des\" style=\"padding-bottom: 20px;\">90 Capsules v\u00e9g\u00e9taliennes<\/p>\n<p class=\"article-des\"><strong>Ingr\u00e9dients:<\/strong><\/p>\n<p class=\"article-des\" style=\"line-height: 1.1em;\">Shatavari Organique<br \/>\nTulsi Organique<br \/>\nAshwagandha Organique<br \/>\nCoriander (Cilantro) Organique<br \/>\nMaca Organique<br \/>\n(Lepidium Peruvianum)<br \/>\nL&rsquo;igname sauvage Organique<br \/>\n(Dioscorea villosa)<br \/>\nAloe Vera Organique<br \/>\nCordyceps sinensis<br \/>\nVitamine D3 (v\u00e9g\u00e9talienne)<\/p>\n<p class=\"article-des\" style=\"padding-top: 20px;\">Article-Nr. PV007<br \/>\n49,90 \u20ac <span class=\"article-mwst\">7 % TVA incluse<\/span><\/p>\n<p class=\"article-des\" style=\"font-size: 0.75em; padding-top: 20px;\">Disponible chez Biotikon\u00ae<\/p>\n<p><a href=\"https:\/\/www.biotikon.fr\/fr\/Women-Balance-45-55-ans.html\" target=\"_blank\"><img loading=\"lazy\" decoding=\"async\" src=\"http:\/\/pureveda.org\/wp-content\/uploads\/2016\/08\/Acheter-button.png \" alt=\"buy-now-button\" width=\"164\" height=\"77\" \/><\/a><\/p>\n<\/div>\n[\/vc_column_text][\/vc_column][vc_column width=\u00a0\u00bb1\/3&Prime; css=\u00a0\u00bb.vc_custom_1473148135756{padding-top: 20px !important;}\u00a0\u00bb][vc_column_text]<img decoding=\"async\" class=\"aligncenter\" src=\"https:\/\/pureveda.org\/wp-content\/uploads\/2022\/09\/Women-Balance-45-55_dose-kapseln-spiegelung.jpg\" alt=\"Shakti-Dose\" width=\"80%\" height=\"auto\" \/>[\/vc_column_text][\/vc_column][vc_column width=\u00a0\u00bb1\/3&Prime; el_class=\u00a0\u00bbarticle-des-column-rightside\u00a0\u00bb][vc_column_text]\n<p class=\"article-des-rightside\"><strong>Vivez votre d\u00e9esse int\u00e9rieure.<\/strong><\/p>\n<p class=\"article-des-rightside\">Une formule rafra\u00eechissante et d&rsquo;\u00e9quilibrage pour les femmes entre 45 et 55 ans. Avec de l&rsquo;aloe vera organique, du shatavari organique, de l\u2019igname organique, de la vitamine D v\u00e9g\u00e9talienne et 5 autres ingr\u00e9dients exquis.<\/p>\n<p class=\"article-des-rightside\">Des m\u00e9langes v\u00e9g\u00e9taux ont toujours \u00e9t\u00e9 utilis\u00e9s dans l\u2019Ayurveda afin d\u2019harmoniser l&rsquo;\u00e9quilibre int\u00e9rieur sensible des femmes et pour r\u00e9duire la chaleur. Le monde occidental a \u00e9galement des solutions \u00e0 ce probl\u00e8me et ceux-ci ont \u00e9t\u00e9 int\u00e9gr\u00e9s dans cette recette.<\/p>\n<p class=\"article-des-rightside\"><strong>Convient aux v\u00e9g\u00e9tariens et aux v\u00e9g\u00e9taliens!<br \/>\n<\/strong><\/p>\n[\/vc_column_text][\/vc_column][\/vc_row][vc_row content_placement=\u00a0\u00bbmiddle\u00a0\u00bb][vc_column][vc_column_text]\n<div class=\"last-button-position\"><a class=\"tooltip-last\" title=\"Cliquez ici pour le produit pr\u00e9c\u00e9dent.\" href=\"\/fr\/women-Balance20-45\/\"><span title=\"\"><img loading=\"lazy\" decoding=\"async\" class=\"last-product-icon\" src=\"\/wp-content\/uploads\/2016\/08\/test-icon_next.png\" alt=\"Last Product\" width=\"40\" height=\"40\" \/><\/span><\/a><\/div>\n<div class=\"next-button-position\"><a class=\"tooltip-next\" title=\"Cliquez ici pour le produit suivant.\" href=\"\/fr\/women-Balance55up\/\"><span title=\"\"><img loading=\"lazy\" decoding=\"async\" class=\"next-product-icon\" src=\"\/wp-content\/uploads\/2016\/08\/test-icon_next.png\" alt=\"next Product\" width=\"40\" height=\"40\" \/><\/span><\/a><\/div>\n[\/vc_column_text][\/vc_column][\/vc_row][vc_row][vc_column][vc_column_text]\n<div><a class=\"tooltip-back\" title=\"Cliquez ici pour retourner \u00e0 la s\u00e9lection des produits.\" href=\"\/fr\/nos-produits\/\"><span title=\"\"><img decoding=\"async\" class=\"product-overview\" src=\"\/wp-content\/uploads\/2017\/02\/dosenpikto.png\" alt=\"s\u00e9lection des produits\" width=\"auto\" height=\"35\" \/><\/span><\/a><\/div>\n[\/vc_column_text][\/vc_column][\/vc_row]","protected":false},"excerpt":{"rendered":"<p>[vc_row][vc_column width=\u00a0\u00bb1\/3&Prime; css=\u00a0\u00bb.vc_custom_1484219745402{padding-top: 20px !important;}\u00a0\u00bb el_class=\u00a0\u00bbarticle-des-column\u00a0\u00bb][vc_column_text] Women Balance Qualit\u00e9 par Puret\u00e9 pour les femmes entre 45-55 ans 90 Capsules v\u00e9g\u00e9taliennes Ingr\u00e9dients: Shatavari Organique Tulsi Organique Ashwagandha Organique Coriander (Cilantro) Organique Maca Organique (Lepidium Peruvianum) L&rsquo;igname sauvage Organique (Dioscorea villosa) Aloe Vera Organique Cordyceps sinensis Vitamine D3 (v\u00e9g\u00e9talienne) Article-Nr. PV007 49,90 \u20ac 7 % TVA incluse Disponible chez Biotikon\u00ae [\/vc_column_text][\/vc_column][vc_column width=\u00a0\u00bb1\/3&Prime; css=\u00a0\u00bb.vc_custom_1473148135756{padding-top: 20px !important;}\u00a0\u00bb][vc_column_text][\/vc_column_text][\/vc_column][vc_column width=\u00a0\u00bb1\/3&Prime; el_class=\u00a0\u00bbarticle-des-column-rightside\u00a0\u00bb][vc_column_text] Vivez votre d\u00e9esse int\u00e9rieure. Une formule rafra\u00eechissante et d&rsquo;\u00e9quilibrage pour les femmes entre 45 et 55 ans. Avec de l&rsquo;aloe vera organique, du shatavari organique, de l\u2019igname organique, de la vitamine D v\u00e9g\u00e9talienne et 5 autres ingr\u00e9dients exquis. Des m\u00e9langes v\u00e9g\u00e9taux ont toujours \u00e9t\u00e9 utilis\u00e9s dans l\u2019Ayurveda afin d\u2019harmoniser l&rsquo;\u00e9quilibre int\u00e9rieur sensible des femmes et pour r\u00e9duire la chaleur. Le monde occidental a \u00e9galement des solutions \u00e0 ce probl\u00e8me et ceux-ci ont \u00e9t\u00e9 int\u00e9gr\u00e9s dans cette recette. Convient aux v\u00e9g\u00e9tariens et aux v\u00e9g\u00e9taliens! [\/vc_column_text][\/vc_column][\/vc_row][vc_row content_placement=\u00a0\u00bbmiddle\u00a0\u00bb][vc_column][vc_column_text] [\/vc_column_text][\/vc_column][\/vc_row][vc_row][vc_column][vc_column_text] [\/vc_column_text][\/vc_column][\/vc_row]<\/p>\n","protected":false},"author":1,"featured_media":0,"parent":0,"menu_order":0,"comment_status":"closed","ping_status":"closed","template":"","meta":{"footnotes":""},"class_list":["post-2515","page","type-page","status-publish","hentry","entry","post-inner"],"_links":{"self":[{"href":"https:\/\/www.pureveda.org\/fr\/wp-json\/wp\/v2\/pages\/2515","targetHints":{"allow":["GET"]}}],"collection":[{"href":"https:\/\/www.pureveda.org\/fr\/wp-json\/wp\/v2\/pages"}],"about":[{"href":"https:\/\/www.pureveda.org\/fr\/wp-json\/wp\/v2\/types\/page"}],"author":[{"embeddable":true,"href":"https:\/\/www.pureveda.org\/fr\/wp-json\/wp\/v2\/users\/1"}],"replies":[{"embeddable":true,"href":"https:\/\/www.pureveda.org\/fr\/wp-json\/wp\/v2\/comments?post=2515"}],"version-history":[{"count":61,"href":"https:\/\/www.pureveda.org\/fr\/wp-json\/wp\/v2\/pages\/2515\/revisions"}],"predecessor-version":[{"id":4277,"href":"https:\/\/www.pureveda.org\/fr\/wp-json\/wp\/v2\/pages\/2515\/revisions\/4277"}],"wp:attachment":[{"href":"https:\/\/www.pureveda.org\/fr\/wp-json\/wp\/v2\/media?parent=2515"}],"curies":[{"name":"wp","href":"https:\/\/api.w.org\/{rel}","templated":true}]}}