{"id":2518,"date":"2016-07-05T15:05:29","date_gmt":"2016-07-05T13:05:29","guid":{"rendered":"http:\/\/pureveda.org\/de\/?page_id=2518"},"modified":"2022-09-01T16:54:41","modified_gmt":"2022-09-01T14:54:41","slug":"maharani","status":"publish","type":"page","link":"https:\/\/www.pureveda.org\/fr\/women-balance55up\/","title":{"rendered":"MahaRani"},"content":{"rendered":"[vc_row][vc_column width=\u00a0\u00bb1\/3&Prime; css=\u00a0\u00bb.vc_custom_1484219890985{padding-top: 20px !important;}\u00a0\u00bb el_class=\u00a0\u00bbarticle-des-column\u00a0\u00bb][vc_column_text]\n<div class=\"article-des\">\n<h1 style=\"line-height: 1.2em; padding-bottom: 10px;\">Women Balance<\/h1>\n<p><span class=\"article-des-qualitybox\"><a class=\"pagetop-links\" style=\"font-size: 0.8em; color: #fff;\" href=\"..\/ueber-pureveda\/#quality\">Qualit\u00e9 par Puret\u00e9<\/a><\/span><\/p>\n<p class=\"article-des\" style=\"padding: 10px 0 20px;\">pour les femmes de 55 ans et plus<\/p>\n<p class=\"article-des\" style=\"padding-bottom: 20px;\">90 Capsules v\u00e9g\u00e9taliennes<\/p>\n<p class=\"article-des\"><strong>Ingr\u00e9dients:<\/strong><\/p>\n<p class=\"article-des\" style=\"line-height: 1.1em;\">Calcium<br \/>\nKachur Sugandhi\/Curcuma zedoraria Organique<br \/>\nShatavari Organique<br \/>\nTulsi ( <span class=\"b2\">basilic sa<\/span><span class=\"b1\">cr<\/span>\u00e9) Organique<br \/>\nAstragalus membranaceus Organique<br \/>\nMethi (Graines de Fenugrec) Organique<br \/>\n<strong>Extrait de Soja<\/strong><br \/>\navec 40 % d&rsquo;Isoflavones (exempte d&rsquo;OGM)<br \/>\nVitamine B6 (biologiquement active)<br \/>\nVitamine D3 (v\u00e9g\u00e9talienne)<\/p>\n<p class=\"article-des\" style=\"padding-top: 20px;\">Article-Nr. PV008<br \/>\n49,90 \u20ac <span class=\"article-mwst\">7 % TVA incluse<\/span><\/p>\n<p class=\"article-des\" style=\"font-size: 0.75em; padding-top: 20px;\">Disponible chez Biotikon\u00ae<\/p>\n<p><a href=\"https:\/\/www.biotikon.fr\/fr\/Women-Balance-plus-de-55-ans.html\" target=\"_blank\"><img loading=\"lazy\" decoding=\"async\" src=\"http:\/\/pureveda.org\/wp-content\/uploads\/2016\/08\/Acheter-button.png \" alt=\"buy-now-button\" width=\"164\" height=\"77\" \/><\/a><\/p>\n<\/div>\n[\/vc_column_text][\/vc_column][vc_column width=\u00a0\u00bb1\/3&Prime; css=\u00a0\u00bb.vc_custom_1473150889586{padding-top: 20px !important;}\u00a0\u00bb][vc_column_text]<img decoding=\"async\" class=\"aligncenter\" src=\"https:\/\/pureveda.org\/wp-content\/uploads\/2022\/09\/Women-Balance-55_dose-kapseln-spiegelung.jpg\" alt=\"MahaRani-Dose\" width=\"80%\" height=\"auto\" \/>[\/vc_column_text][\/vc_column][vc_column width=\u00a0\u00bb1\/3&Prime; el_class=\u00a0\u00bbarticle-des-column-rightside\u00a0\u00bb][vc_column_text]\n<p class=\"article-des-rightside\"><strong>Ressentez la reine et la femme sage en vous.<\/strong><\/p>\n<p class=\"article-des-rightside\">Une formule sp\u00e9cialement con\u00e7ue pour les femmes de 55 ans et plus.<\/p>\n<p class=\"article-des-rightside\">Women Balance de plus de 55 Ans est une formule ayurv\u00e9dique v\u00e9g\u00e9tale exquise contenant du curcuma blanc organique, de la vitamine D v\u00e9g\u00e9talienne, de l\u2019isoflavono\u00efdes de soja (sans OGM) et 5 autres ingr\u00e9dients pr\u00e9cieux. La connaissance du monde occidental a \u00e9galement \u00e9t\u00e9 int\u00e9gr\u00e9e dans cette recette.<\/p>\n<p class=\"article-des-rightside\">Les femmes, de 55 ans et plus, recevront le soutien dont elles ont besoin.<\/p>\n<p class=\"article-des-rightside\">La vitamine B6 contribue \u00e0 la r\u00e9gulation d\u2019une activit\u00e9 hormonale normale.<\/p>\n<p class=\"article-des-rightside\"><strong>Convient aux v\u00e9g\u00e9tariens et aux v\u00e9g\u00e9taliens!<\/strong><\/p>\n[\/vc_column_text][\/vc_column][\/vc_row][vc_row content_placement=\u00a0\u00bbmiddle\u00a0\u00bb][vc_column][vc_column_text]\n<div class=\"last-button-position\"><a class=\"tooltip-last\" title=\"Cliquez ici pour le produit pr\u00e9c\u00e9dent.\" href=\"\/fr\/women-Balance45-55\/\"><span title=\"\"><img loading=\"lazy\" decoding=\"async\" class=\"last-product-icon\" src=\"\/wp-content\/uploads\/2016\/08\/test-icon_next.png\" alt=\"Last Product\" width=\"40\" height=\"40\" \/><\/span><\/a><\/div>\n<div class=\"next-button-position\"><a class=\"tooltip-next\" title=\"Cliquez ici pour le produit suivant.\" href=\"\/fr\/ashwagandha\/\"><span title=\"\"><img loading=\"lazy\" decoding=\"async\" class=\"next-product-icon\" src=\"\/wp-content\/uploads\/2016\/08\/test-icon_next.png\" alt=\"next Product\" width=\"40\" height=\"40\" \/><\/span><\/a><\/div>\n[\/vc_column_text][\/vc_column][\/vc_row][vc_row][vc_column][vc_column_text]\n<div><a class=\"tooltip-back\" title=\"Cliquez ici pour retourner \u00e0 la s\u00e9lection des produits.\" href=\"\/fr\/nos-produits\/\"><span title=\"\"><img decoding=\"async\" class=\"product-overview\" src=\"\/wp-content\/uploads\/2017\/02\/dosenpikto.png\" alt=\"s\u00e9lection des produits\" width=\"auto\" height=\"35\" \/><\/span><\/a><\/div>\n[\/vc_column_text][\/vc_column][\/vc_row]","protected":false},"excerpt":{"rendered":"<p>[vc_row][vc_column width=\u00a0\u00bb1\/3&Prime; css=\u00a0\u00bb.vc_custom_1484219890985{padding-top: 20px !important;}\u00a0\u00bb el_class=\u00a0\u00bbarticle-des-column\u00a0\u00bb][vc_column_text] Women Balance Qualit\u00e9 par Puret\u00e9 pour les femmes de 55 ans et plus 90 Capsules v\u00e9g\u00e9taliennes Ingr\u00e9dients: Calcium Kachur Sugandhi\/Curcuma zedoraria Organique Shatavari Organique Tulsi ( basilic sacr\u00e9) Organique Astragalus membranaceus Organique Methi (Graines de Fenugrec) Organique Extrait de Soja avec 40 % d&rsquo;Isoflavones (exempte d&rsquo;OGM) Vitamine B6 (biologiquement active) Vitamine D3 (v\u00e9g\u00e9talienne) Article-Nr. PV008 49,90 \u20ac 7 % TVA incluse Disponible chez Biotikon\u00ae [\/vc_column_text][\/vc_column][vc_column width=\u00a0\u00bb1\/3&Prime; css=\u00a0\u00bb.vc_custom_1473150889586{padding-top: 20px !important;}\u00a0\u00bb][vc_column_text][\/vc_column_text][\/vc_column][vc_column width=\u00a0\u00bb1\/3&Prime; el_class=\u00a0\u00bbarticle-des-column-rightside\u00a0\u00bb][vc_column_text] Ressentez la reine et la femme sage en vous. Une formule sp\u00e9cialement con\u00e7ue pour les femmes de 55 ans et plus. Women Balance de plus de 55 Ans est une formule ayurv\u00e9dique v\u00e9g\u00e9tale exquise contenant du curcuma blanc organique, de la vitamine D v\u00e9g\u00e9talienne, de l\u2019isoflavono\u00efdes de soja (sans OGM) et 5 autres ingr\u00e9dients pr\u00e9cieux. La connaissance du monde occidental a \u00e9galement \u00e9t\u00e9 int\u00e9gr\u00e9e dans cette recette. Les femmes, de 55 ans et plus, recevront le soutien dont elles ont besoin. La vitamine B6 contribue \u00e0 la r\u00e9gulation d\u2019une activit\u00e9 hormonale normale. Convient aux v\u00e9g\u00e9tariens et aux v\u00e9g\u00e9taliens! [\/vc_column_text][\/vc_column][\/vc_row][vc_row content_placement=\u00a0\u00bbmiddle\u00a0\u00bb][vc_column][vc_column_text] [\/vc_column_text][\/vc_column][\/vc_row][vc_row][vc_column][vc_column_text] [\/vc_column_text][\/vc_column][\/vc_row]<\/p>\n","protected":false},"author":1,"featured_media":0,"parent":0,"menu_order":0,"comment_status":"closed","ping_status":"closed","template":"","meta":{"footnotes":""},"class_list":["post-2518","page","type-page","status-publish","hentry","entry","post-inner"],"_links":{"self":[{"href":"https:\/\/www.pureveda.org\/fr\/wp-json\/wp\/v2\/pages\/2518","targetHints":{"allow":["GET"]}}],"collection":[{"href":"https:\/\/www.pureveda.org\/fr\/wp-json\/wp\/v2\/pages"}],"about":[{"href":"https:\/\/www.pureveda.org\/fr\/wp-json\/wp\/v2\/types\/page"}],"author":[{"embeddable":true,"href":"https:\/\/www.pureveda.org\/fr\/wp-json\/wp\/v2\/users\/1"}],"replies":[{"embeddable":true,"href":"https:\/\/www.pureveda.org\/fr\/wp-json\/wp\/v2\/comments?post=2518"}],"version-history":[{"count":55,"href":"https:\/\/www.pureveda.org\/fr\/wp-json\/wp\/v2\/pages\/2518\/revisions"}],"predecessor-version":[{"id":4278,"href":"https:\/\/www.pureveda.org\/fr\/wp-json\/wp\/v2\/pages\/2518\/revisions\/4278"}],"wp:attachment":[{"href":"https:\/\/www.pureveda.org\/fr\/wp-json\/wp\/v2\/media?parent=2518"}],"curies":[{"name":"wp","href":"https:\/\/api.w.org\/{rel}","templated":true}]}}