{"id":2656,"date":"2016-07-06T10:21:42","date_gmt":"2016-07-06T08:21:42","guid":{"rendered":"http:\/\/pureveda.org\/de\/?page_id=2656"},"modified":"2025-09-24T09:40:33","modified_gmt":"2025-09-24T07:40:33","slug":"impressum","status":"publish","type":"page","link":"https:\/\/www.pureveda.org\/fr\/mentions-legales\/","title":{"rendered":"mentions l\u00e9gales"},"content":{"rendered":"[vc_row][vc_column][vc_column_text]\n<h2>Gesetzliche Anbieterkennung:<\/h2>\n<p>&nbsp;<\/p>\n<p>www.pureveda.org<br \/>\nDr. med. Alexander Michalzik<br \/>\nEdisonstra\u00dfe 2<br \/>\n68519 Viernheim<br \/>\nDEUTSCHLAND<\/p>\n<p>Telefon: 06201-878380<br \/>\nTelefax: 06201-8783801<br \/>\nE-Mail: info@pureveda.org<br \/>\nInternet: http:\/\/www.pureveda.org<br \/>\nUSt-IdNr.: DE248207384<\/p>\n<p>Verantwortlicher Redakteur\/Inhaltlich Verantwortlicher gem\u00e4\u00df \u00a7 55 RStV ist:<br \/>\nDr. med. Alexander Michalzik<br \/>\nEdisonstra\u00dfe 2<br \/>\n68519 Viernheim<br \/>\nDEUTSCHLAND<\/p>\n<p>&nbsp;<\/p>\n<p>Rechtliche Hinweise zur Webseite<\/p>\n<p>Alle Texte, Bilder und weiter hier ver\u00f6ffentlichten Informationen unterliegen dem Urheberrecht des Anbieters, soweit nicht Urheberrechte Dritter bestehen. In jedem Fall ist eine Vervielf\u00e4ltigung, Verbreitung oder \u00f6ffentliche Wiedergabe ausschlie\u00dflich im Falle einer widerruflichen und nicht \u00fcbertragbaren Zustimmung des Anbieters gestattet.<\/p>\n<p>F\u00fcr alle mittels Querverweis (Link) verbundenen Webinhalte \u00fcbernimmt der Anbieter keine Verantwortung, da es sich hierbei nicht um eigene Inhalte handelt. Die verlinkten Seiten wurden auf rechtswidrige Inhalte \u00fcberpr\u00fcft, zum Zeitpunkt der Verlinkung waren solche nicht erkennbar. Verantwortlich f\u00fcr den Inhalt der verlinkten Seiten ist deren Betreiber. Der Anbieter hat hierzu keine allgemeine \u00dcberwachungs- und Pr\u00fcfungspflicht. Bei Bekanntwerden einer Rechtsverletzung wird der entsprechende Link jedoch umgehend entfernt.[\/vc_column_text][\/vc_column][\/vc_row]\n","protected":false},"excerpt":{"rendered":"<p>[vc_row][vc_column][vc_column_text] Gesetzliche Anbieterkennung: &nbsp; www.pureveda.org Dr. med. Alexander Michalzik Edisonstra\u00dfe 2 68519 Viernheim DEUTSCHLAND Telefon: 06201-878380 Telefax: 06201-8783801 E-Mail: info@pureveda.org Internet: http:\/\/www.pureveda.org USt-IdNr.: DE248207384 Verantwortlicher Redakteur\/Inhaltlich Verantwortlicher gem\u00e4\u00df \u00a7 55 RStV ist: Dr. med. Alexander Michalzik Edisonstra\u00dfe 2 68519 Viernheim DEUTSCHLAND &nbsp; Rechtliche Hinweise zur Webseite Alle Texte, Bilder und weiter hier ver\u00f6ffentlichten Informationen unterliegen dem Urheberrecht des Anbieters, soweit nicht Urheberrechte Dritter bestehen. In jedem Fall ist eine Vervielf\u00e4ltigung, Verbreitung oder \u00f6ffentliche Wiedergabe ausschlie\u00dflich im Falle einer widerruflichen und nicht \u00fcbertragbaren Zustimmung des Anbieters gestattet. F\u00fcr alle mittels Querverweis (Link) verbundenen Webinhalte \u00fcbernimmt der Anbieter keine Verantwortung, da es sich hierbei nicht um eigene Inhalte handelt. Die verlinkten Seiten wurden auf rechtswidrige Inhalte \u00fcberpr\u00fcft, zum Zeitpunkt der Verlinkung waren solche nicht erkennbar. Verantwortlich f\u00fcr den Inhalt der verlinkten Seiten ist deren Betreiber. Der Anbieter hat hierzu keine allgemeine \u00dcberwachungs- und Pr\u00fcfungspflicht. Bei Bekanntwerden einer Rechtsverletzung wird der entsprechende Link jedoch umgehend entfernt.[\/vc_column_text][\/vc_column][\/vc_row]<\/p>\n","protected":false},"author":1,"featured_media":0,"parent":0,"menu_order":0,"comment_status":"closed","ping_status":"closed","template":"","meta":{"footnotes":""},"class_list":["post-2656","page","type-page","status-publish","hentry","entry","post-inner"],"_links":{"self":[{"href":"https:\/\/www.pureveda.org\/fr\/wp-json\/wp\/v2\/pages\/2656","targetHints":{"allow":["GET"]}}],"collection":[{"href":"https:\/\/www.pureveda.org\/fr\/wp-json\/wp\/v2\/pages"}],"about":[{"href":"https:\/\/www.pureveda.org\/fr\/wp-json\/wp\/v2\/types\/page"}],"author":[{"embeddable":true,"href":"https:\/\/www.pureveda.org\/fr\/wp-json\/wp\/v2\/users\/1"}],"replies":[{"embeddable":true,"href":"https:\/\/www.pureveda.org\/fr\/wp-json\/wp\/v2\/comments?post=2656"}],"version-history":[{"count":11,"href":"https:\/\/www.pureveda.org\/fr\/wp-json\/wp\/v2\/pages\/2656\/revisions"}],"predecessor-version":[{"id":4290,"href":"https:\/\/www.pureveda.org\/fr\/wp-json\/wp\/v2\/pages\/2656\/revisions\/4290"}],"wp:attachment":[{"href":"https:\/\/www.pureveda.org\/fr\/wp-json\/wp\/v2\/media?parent=2656"}],"curies":[{"name":"wp","href":"https:\/\/api.w.org\/{rel}","templated":true}]}}