{"id":3108,"date":"2016-08-24T11:26:06","date_gmt":"2016-08-24T09:26:06","guid":{"rendered":"http:\/\/pureveda.org\/de\/?page_id=3108"},"modified":"2021-02-10T16:26:00","modified_gmt":"2021-02-10T15:26:00","slug":"ayurveda-test-ergebnis","status":"publish","type":"page","link":"https:\/\/www.pureveda.org\/fr\/ayurveda-test-ergebnis\/","title":{"rendered":"Ayurveda-Test Ergebnis"},"content":{"rendered":"[vc_row][vc_column][vc_column_text]\n<h2>R\u00e9sultat<\/h2>\n<h2><\/h2>\n<p>Quelle carte t\u2019a \u00e9t\u00e9 <strong>intuitivement<\/strong> la plus attrayante?[\/vc_column_text][\/vc_column][\/vc_row][vc_row css=\u00a0\u00bb.vc_custom_1473340995368{margin-bottom: 0px !important;padding-bottom: 0px !important;}\u00a0\u00bb][vc_column width=\u00a0\u00bb1\/3&Prime;][vc_column_text]\n<h3>PittaCard<\/h3>\n<p><img loading=\"lazy\" decoding=\"async\" class=\"alignnone size-medium wp-image-2199\" style=\"box-shadow: 5px 10px 20px grey;\" src=\"https:\/\/pureveda.org\/wp-content\/uploads\/2016\/06\/pittacard-212x300.jpg\" alt=\"pittacard\" width=\"212\" height=\"300\" srcset=\"https:\/\/www.pureveda.org\/wp-content\/uploads\/2016\/06\/pittacard-212x300.jpg 212w, https:\/\/www.pureveda.org\/wp-content\/uploads\/2016\/06\/pittacard.jpg 442w\" sizes=\"auto, (max-width: 212px) 100vw, 212px\" \/><\/p>\n<p><img decoding=\"async\" class=\"alignnone size-full wp-image-3052\" style=\"margin: 30px 0 30px 0;\" src=\"https:\/\/pureveda.org\/wp-content\/uploads\/2017\/01\/pfeil.png\" alt=\"pfeil\" width=\"65\" height=\"auto\" \/><\/p>\n<p>En ce moment<br \/>\nton \u00e9nergie Pitta<br \/>\nest dominante.<br \/>\nTon \u00e9nergie Pitta<br \/>\n[\u00c9l\u00e9ment Feu]\ndoit \u00eatre harmonis\u00e9e.<br \/>\nChoisit le Pitta Harmonizer[\/vc_column_text][vc_row_inner css=\u00a0\u00bb.vc_custom_1472197907313{padding-right: 10% !important;padding-left: 10% !important;}\u00a0\u00bb][vc_column_inner width=\u00a0\u00bb1\/2&Prime;][vc_column_text]<a href=\"https:\/\/www.biotikon.fr\/fr\/VedaCard-Pitta.html\" target=\"_blank\"><img loading=\"lazy\" decoding=\"async\" class=\"alignnone wp-image-2199\" style=\"box-shadow: 5px 10px 20px grey; margin: 15px 0 58px 0;\" src=\"https:\/\/pureveda.org\/wp-content\/uploads\/2016\/06\/pittacard-212x300.jpg\" alt=\"pittacard\" width=\"180\" height=\"255\" srcset=\"https:\/\/www.pureveda.org\/wp-content\/uploads\/2016\/06\/pittacard-212x300.jpg 212w, https:\/\/www.pureveda.org\/wp-content\/uploads\/2016\/06\/pittacard.jpg 442w\" sizes=\"auto, (max-width: 180px) 100vw, 180px\" \/><br \/>\n<span style=\"color: #0a5380;\">PittaCard<\/span><\/a><\/p>\n<p style=\"font-size: 0.5em; padding-top: 10px;\">Disponible chez Biotikon\u00ae<\/p>\n<p><a href=\"https:\/\/www.biotikon.fr\/fr\/VedaCard-Pitta.html\" target=\"_blank\"><img decoding=\"async\" class=\"alignnone size-full wp-image-2704 alignleft\" src=\"\/wp-content\/uploads\/2017\/02\/Commander-button.png\" alt=\"hier-kaufen-button\" width=\"93%\" height=\"auto\" \/><\/a>[\/vc_column_text][\/vc_column_inner][vc_column_inner width=\u00a0\u00bb1\/2&Prime;][vc_column_text]<a href=\"https:\/\/www.biotikon.fr\/fr\/Harmoniseur-Pitta.html\" target=\"_blank\"><img loading=\"lazy\" decoding=\"async\" class=\"alignnone size-medium wp-image-2598\" src=\"https:\/\/pureveda.org\/wp-content\/uploads\/2016\/07\/Pitta-Harmonizer_Dose-168x300.jpg\" alt=\"Pitta-Harmonizer_Dose\" width=\"168\" height=\"300\" srcset=\"https:\/\/www.pureveda.org\/wp-content\/uploads\/2016\/07\/Pitta-Harmonizer_Dose-168x300.jpg 168w, https:\/\/www.pureveda.org\/wp-content\/uploads\/2016\/07\/Pitta-Harmonizer_Dose.jpg 447w\" sizes=\"auto, (max-width: 168px) 100vw, 168px\" \/><span style=\"color: #0a5380;\">Pitta Harmonizer<\/span><\/a><\/p>\n<p style=\"font-size: 0.5em; padding-top: 10px;\">Disponible chez Biotikon\u00ae<\/p>\n<p><a href=\"https:\/\/www.biotikon.fr\/fr\/Harmoniseur-Pitta.html\" target=\"_blank\"><img decoding=\"async\" class=\"alignnone size-full wp-image-2704 alignleft\" src=\"\/wp-content\/uploads\/2017\/02\/Commander-button.png\" alt=\"hier-kaufen-button\" width=\"93%\" height=\"auto\" \/><\/a>[\/vc_column_text][\/vc_column_inner][\/vc_row_inner][\/vc_column][vc_column width=\u00a0\u00bb1\/3&Prime;][vc_column_text]\n<h3>KaphaCard<\/h3>\n<p><img loading=\"lazy\" decoding=\"async\" class=\"alignnone wp-image-2198 size-medium\" style=\"box-shadow: 5px 10px 20px grey;\" src=\"https:\/\/pureveda.org\/wp-content\/uploads\/2016\/06\/kaphacard-212x300.jpg\" alt=\"\" width=\"212\" height=\"300\" srcset=\"https:\/\/www.pureveda.org\/wp-content\/uploads\/2016\/06\/kaphacard-212x300.jpg 212w, https:\/\/www.pureveda.org\/wp-content\/uploads\/2016\/06\/kaphacard.jpg 442w\" sizes=\"auto, (max-width: 212px) 100vw, 212px\" \/><\/p>\n<p><img decoding=\"async\" class=\"alignnone size-full wp-image-3052\" style=\"margin: 30px 0 30px 0;\" src=\"https:\/\/pureveda.org\/wp-content\/uploads\/2017\/01\/pfeil.png\" alt=\"pfeil\" width=\"65\" height=\"auto\" \/><\/p>\n<p>En ce moment<br \/>\nton \u00e9nergie Kapha<br \/>\nest dominante.<br \/>\nTon \u00e9nergie Kapha<br \/>\n[\u00c9l\u00e9ment Terre]\ndoit \u00eatre harmonis\u00e9e.<br \/>\nChoisit le Kapha Harmonizer[\/vc_column_text][vc_row_inner css=\u00a0\u00bb.vc_custom_1472197914783{padding-right: 10% !important;padding-left: 10% !important;}\u00a0\u00bb][vc_column_inner width=\u00a0\u00bb1\/2&Prime;][vc_column_text]<a href=\"https:\/\/www.biotikon.fr\/fr\/VedaCard-Kapha.html\" target=\"_blank\"><img loading=\"lazy\" decoding=\"async\" class=\"alignnone wp-image-2199\" style=\"box-shadow: 5px 10px 20px grey; margin: 15px 0 58px 0;\" src=\"https:\/\/pureveda.org\/wp-content\/uploads\/2016\/06\/kaphacard-212x300.jpg\" alt=\"kaphacard\" width=\"180\" height=\"255\" \/><br \/>\n<span style=\"color: #cf4b55;\">KaphaCard<\/span><\/a><\/p>\n<p style=\"font-size: 0.5em; padding-top: 10px;\">Disponible chez Biotikon\u00ae<\/p>\n<p><a href=\"https:\/\/www.biotikon.fr\/fr\/VedaCard-Kapha.html\" target=\"_blank\"><img decoding=\"async\" class=\"alignnone size-full wp-image-2704 alignleft\" src=\"\/wp-content\/uploads\/2017\/02\/Commander-button.png\" alt=\"hier-kaufen-button\" width=\"93%\" height=\"auto\" \/><\/a>[\/vc_column_text][\/vc_column_inner][vc_column_inner width=\u00a0\u00bb1\/2&Prime;][vc_column_text]<a href=\"https:\/\/www.biotikon.fr\/fr\/Harmoniseur-Kapha.html\" target=\"_blank\"><img loading=\"lazy\" decoding=\"async\" class=\"alignnone size-medium wp-image-2598\" src=\"https:\/\/pureveda.org\/wp-content\/uploads\/2016\/07\/Kapha-Harmonizer_Dose-168x300.jpg\" alt=\"Kapha-Harmonizer_Dose\" width=\"168\" height=\"300\" \/><span style=\"color: #cf4b55;\">Kapha Harmonizer<\/span><\/a><\/p>\n<p style=\"font-size: 0.5em; padding-top: 10px;\">Disponible chez Biotikon\u00ae<\/p>\n<p><a href=\"https:\/\/www.biotikon.fr\/fr\/Harmoniseur-Kapha.html\" target=\"_blank\"><img decoding=\"async\" class=\"alignnone size-full wp-image-2704 alignleft\" src=\"\/wp-content\/uploads\/2017\/02\/Commander-button.png\" alt=\"hier-kaufen-button\" width=\"93%\" height=\"auto\" \/><\/a>[\/vc_column_text][\/vc_column_inner][\/vc_row_inner][\/vc_column][vc_column width=\u00a0\u00bb1\/3&Prime;][vc_column_text]\n<h3>VataCard<\/h3>\n<p><img loading=\"lazy\" decoding=\"async\" class=\"alignnone wp-image-2200 size-medium\" style=\"box-shadow: 5px 10px 20px grey;\" src=\"https:\/\/pureveda.org\/wp-content\/uploads\/2016\/06\/vatacard-212x300.jpg\" alt=\"\" width=\"212\" height=\"300\" srcset=\"https:\/\/www.pureveda.org\/wp-content\/uploads\/2016\/06\/vatacard-212x300.jpg 212w, https:\/\/www.pureveda.org\/wp-content\/uploads\/2016\/06\/vatacard.jpg 442w\" sizes=\"auto, (max-width: 212px) 100vw, 212px\" \/><\/p>\n<p><img decoding=\"async\" class=\"alignnone size-full wp-image-3052\" style=\"margin: 30px 0 30px 0;\" src=\"https:\/\/pureveda.org\/wp-content\/uploads\/2017\/01\/pfeil.png\" alt=\"pfeil\" width=\"65\" height=\"auto\" \/><\/p>\n<p>En ce moment<br \/>\nton \u00e9nergie Vata<br \/>\nest dominante.<br \/>\nTon \u00e9nergie Vata<br \/>\n[\u00c9l\u00e9ment Air]\ndoit \u00eatre harmonis\u00e9e.<br \/>\nChoisit le Vata Harmonizer[\/vc_column_text][vc_row_inner css=\u00a0\u00bb.vc_custom_1472197923636{padding-right: 10% !important;padding-left: 10% !important;}\u00a0\u00bb][vc_column_inner width=\u00a0\u00bb1\/2&Prime;][vc_column_text]<a href=\"https:\/\/www.biotikon.fr\/fr\/VedaCard-Vata.html\" target=\"_blank\"><img loading=\"lazy\" decoding=\"async\" class=\"alignnone wp-image-2199\" style=\"box-shadow: 5px 10px 20px grey; margin: 15px 0 58px 0;\" src=\"https:\/\/pureveda.org\/wp-content\/uploads\/2016\/06\/vatacard-212x300.jpg\" alt=\"vatacard\" width=\"180\" height=\"255\" \/><br \/>\n<span style=\"color: #6c6393;\">VataCard<\/span><\/a><\/p>\n<p style=\"font-size: 0.5em; padding-top: 10px;\">Disponible chez Biotikon\u00ae<\/p>\n<p><a href=\"https:\/\/www.biotikon.fr\/fr\/VedaCard-Vata.html\" target=\"_blank\"><img decoding=\"async\" class=\"alignnone size-full wp-image-2704 alignleft\" src=\"\/wp-content\/uploads\/2017\/02\/Commander-button.png\" alt=\"hier-kaufen-button\" width=\"93%\" height=\"auto\" \/><\/a>[\/vc_column_text][\/vc_column_inner][vc_column_inner width=\u00a0\u00bb1\/2&Prime;][vc_column_text]<a href=\"https:\/\/www.biotikon.fr\/fr\/Harmoniseur-Vata.html\" target=\"_blank\"><img loading=\"lazy\" decoding=\"async\" class=\"alignnone size-medium wp-image-2598\" src=\"https:\/\/pureveda.org\/wp-content\/uploads\/2016\/07\/Vata-Harmonizer_Dose-168x300.jpg\" alt=\"Vata-Harmonizer_Dose\" width=\"168\" height=\"300\" \/><span style=\"color: #6c6393;\">Vata Harmonizer<\/span><\/a><\/p>\n<p style=\"font-size: 0.5em; padding-top: 10px;\">Disponible chez Biotikon\u00ae<\/p>\n<p><a href=\"https:\/\/www.biotikon.fr\/fr\/Harmoniseur-Vata.html\" target=\"_blank\"><img decoding=\"async\" class=\"alignnone size-full wp-image-2704 alignleft\" src=\"\/wp-content\/uploads\/2017\/02\/Commander-button.png\" alt=\"hier-kaufen-button\" width=\"93%\" height=\"auto\" \/><\/a>[\/vc_column_text][\/vc_column_inner][\/vc_row_inner][\/vc_column][\/vc_row][vc_row css=\u00a0\u00bb.vc_custom_1473340976963{margin-top: 0px !important;padding-top: 0px !important;}\u00a0\u00bb][vc_column css=\u00a0\u00bb.vc_custom_1472120633067{padding-top: 100px !important;}\u00a0\u00bb][vc_column_text]\n<p style=\"text-align: center;\">Questions?- Contacte nos sp\u00e9cialistes Ayurveda sur le <strong>+49 (0) 6201 \/ 878380<\/strong><\/p>\n[\/vc_column_text][\/vc_column][\/vc_row]","protected":false},"excerpt":{"rendered":"<p>[vc_row][vc_column][vc_column_text] R\u00e9sultat Quelle carte t\u2019a \u00e9t\u00e9 intuitivement la plus attrayante?[\/vc_column_text][\/vc_column][\/vc_row][vc_row css=\u00a0\u00bb.vc_custom_1473340995368{margin-bottom: 0px !important;padding-bottom: 0px !important;}\u00a0\u00bb][vc_column width=\u00a0\u00bb1\/3&Prime;][vc_column_text] PittaCard En ce moment ton \u00e9nergie Pitta est dominante. Ton \u00e9nergie Pitta [\u00c9l\u00e9ment Feu] doit \u00eatre harmonis\u00e9e. Choisit le Pitta Harmonizer[\/vc_column_text][vc_row_inner css=\u00a0\u00bb.vc_custom_1472197907313{padding-right: 10% !important;padding-left: 10% !important;}\u00a0\u00bb][vc_column_inner width=\u00a0\u00bb1\/2&Prime;][vc_column_text] PittaCard Disponible chez Biotikon\u00ae [\/vc_column_text][\/vc_column_inner][vc_column_inner width=\u00a0\u00bb1\/2&Prime;][vc_column_text]Pitta Harmonizer Disponible chez Biotikon\u00ae [\/vc_column_text][\/vc_column_inner][\/vc_row_inner][\/vc_column][vc_column width=\u00a0\u00bb1\/3&Prime;][vc_column_text] KaphaCard En ce moment ton \u00e9nergie Kapha est dominante. Ton \u00e9nergie Kapha [\u00c9l\u00e9ment Terre] doit \u00eatre harmonis\u00e9e. Choisit le Kapha Harmonizer[\/vc_column_text][vc_row_inner css=\u00a0\u00bb.vc_custom_1472197914783{padding-right: 10% !important;padding-left: 10% !important;}\u00a0\u00bb][vc_column_inner width=\u00a0\u00bb1\/2&Prime;][vc_column_text] KaphaCard Disponible chez Biotikon\u00ae [\/vc_column_text][\/vc_column_inner][vc_column_inner width=\u00a0\u00bb1\/2&Prime;][vc_column_text]Kapha Harmonizer Disponible chez Biotikon\u00ae [\/vc_column_text][\/vc_column_inner][\/vc_row_inner][\/vc_column][vc_column width=\u00a0\u00bb1\/3&Prime;][vc_column_text] VataCard En ce moment ton \u00e9nergie Vata est dominante. Ton \u00e9nergie Vata [\u00c9l\u00e9ment Air] doit \u00eatre harmonis\u00e9e. Choisit le Vata Harmonizer[\/vc_column_text][vc_row_inner css=\u00a0\u00bb.vc_custom_1472197923636{padding-right: 10% !important;padding-left: 10% !important;}\u00a0\u00bb][vc_column_inner width=\u00a0\u00bb1\/2&Prime;][vc_column_text] VataCard Disponible chez Biotikon\u00ae [\/vc_column_text][\/vc_column_inner][vc_column_inner width=\u00a0\u00bb1\/2&Prime;][vc_column_text]Vata Harmonizer Disponible chez Biotikon\u00ae [\/vc_column_text][\/vc_column_inner][\/vc_row_inner][\/vc_column][\/vc_row][vc_row css=\u00a0\u00bb.vc_custom_1473340976963{margin-top: 0px !important;padding-top: 0px !important;}\u00a0\u00bb][vc_column css=\u00a0\u00bb.vc_custom_1472120633067{padding-top: 100px !important;}\u00a0\u00bb][vc_column_text] Questions?- Contacte nos sp\u00e9cialistes Ayurveda sur le +49 (0) 6201 \/ 878380 [\/vc_column_text][\/vc_column][\/vc_row]<\/p>\n","protected":false},"author":1,"featured_media":0,"parent":0,"menu_order":0,"comment_status":"closed","ping_status":"closed","template":"","meta":{"footnotes":""},"class_list":["post-3108","page","type-page","status-publish","hentry","entry","post-inner"],"_links":{"self":[{"href":"https:\/\/www.pureveda.org\/fr\/wp-json\/wp\/v2\/pages\/3108","targetHints":{"allow":["GET"]}}],"collection":[{"href":"https:\/\/www.pureveda.org\/fr\/wp-json\/wp\/v2\/pages"}],"about":[{"href":"https:\/\/www.pureveda.org\/fr\/wp-json\/wp\/v2\/types\/page"}],"author":[{"embeddable":true,"href":"https:\/\/www.pureveda.org\/fr\/wp-json\/wp\/v2\/users\/1"}],"replies":[{"embeddable":true,"href":"https:\/\/www.pureveda.org\/fr\/wp-json\/wp\/v2\/comments?post=3108"}],"version-history":[{"count":75,"href":"https:\/\/www.pureveda.org\/fr\/wp-json\/wp\/v2\/pages\/3108\/revisions"}],"predecessor-version":[{"id":4212,"href":"https:\/\/www.pureveda.org\/fr\/wp-json\/wp\/v2\/pages\/3108\/revisions\/4212"}],"wp:attachment":[{"href":"https:\/\/www.pureveda.org\/fr\/wp-json\/wp\/v2\/media?parent=3108"}],"curies":[{"name":"wp","href":"https:\/\/api.w.org\/{rel}","templated":true}]}}