{"id":4106,"date":"2018-07-27T10:45:02","date_gmt":"2018-07-27T08:45:02","guid":{"rendered":"http:\/\/pureveda.org\/de\/?page_id=4106"},"modified":"2022-08-01T16:39:03","modified_gmt":"2022-08-01T14:39:03","slug":"starter-3","status":"publish","type":"page","link":"https:\/\/www.pureveda.org\/fr\/brahmi\/","title":{"rendered":"Starter &#8212; Copy"},"content":{"rendered":"[vc_row css=\u00a0\u00bb.vc_custom_1484143023360{margin-top: 80px !important;}\u00a0\u00bb][vc_column width=\u00a0\u00bb1\/3&Prime; css=\u00a0\u00bb.vc_custom_1484210849677{padding-top: 70px !important;}\u00a0\u00bb el_class=\u00a0\u00bbarticle-des-column\u00a0\u00bb][vc_column_text]\n<div class=\"article-des\">\n<h1 style=\"line-height: 1.2em; padding-bottom: 10px;\">Brahmi<\/h1>\n<p><span class=\"article-des-qualitybox\"><a class=\"pagetop-links\" style=\"font-size: 0.8em; color: #fff;\" href=\"..\/ueber-pureveda\/#quality\">Qualit\u00e9 par Puret\u00e9<\/a><\/span><\/p>\n<p class=\"article-des\" style=\"padding: 10px 0 20px;\">90 Capsules v\u00e9g\u00e9taliennes<\/p>\n<p class=\"article-des\"><strong>Ingr\u00e9dients:<\/strong><\/p>\n<p class=\"article-des\">Brahmi (Bacopa) 20% de bacosides<\/p>\n<p class=\"article-des\" style=\"padding-top: 20px;\">Article-Nr. PV015<br \/>\n21,90 \u20ac <span class=\"article-mwst\">7 % TVA incluse<\/span><\/p>\n<p class=\"article-des\" style=\"font-size: 0.75em; padding-top: 20px;\">Disponible chez Biotikon\u00ae<\/p>\n<p><a href=\"https:\/\/dr-med-michalzik.co.uk\/en\/Brahmi.html\" target=\"_blank\"><img loading=\"lazy\" decoding=\"async\" src=\"http:\/\/pureveda.org\/wp-content\/uploads\/2016\/08\/Acheter-button.png\" alt=\"hier-kaufen-button\" width=\"164\" height=\"77\" \/><\/a><\/p>\n<\/div>\n[\/vc_column_text][\/vc_column][vc_column width=\u00a0\u00bb1\/3&Prime; css=\u00a0\u00bb.vc_custom_1473147622299{padding-top: 40px !important;}\u00a0\u00bb][vc_column_text]<img loading=\"lazy\" decoding=\"async\" class=\"aligncenter wp-image-4108 size-full\" src=\"http:\/\/pureveda.org\/wp-content\/uploads\/2018\/07\/Brahmi_DoseKapseln.jpg\" alt=\"Brahmi_Dose+Kapseln\" width=\"447\" height=\"800\" srcset=\"https:\/\/www.pureveda.org\/wp-content\/uploads\/2018\/07\/Brahmi_DoseKapseln.jpg 447w, https:\/\/www.pureveda.org\/wp-content\/uploads\/2018\/07\/Brahmi_DoseKapseln-168x300.jpg 168w\" sizes=\"auto, (max-width: 447px) 100vw, 447px\" \/>[\/vc_column_text][\/vc_column][vc_column width=\u00a0\u00bb1\/3&Prime; el_class=\u00a0\u00bbarticle-des-column-rightside\u00a0\u00bb][vc_column_text]\n<p class=\"article-des-rightside\">Notre Brahmi provient de cueillette sauvage. Dans la nature demeur\u00e9e intacte de l\u2019Inde du Sud, cette herbe pr\u00e9cieuse de tradition ayurv\u00e9dique est cueillie avec le plus grand soin.<\/p>\n<p class=\"article-des-rightside\">Le Brahmi est appel\u00e9 aussi \u00abl\u2018herbe du cerveau\u00bb ou \u00abla petite grassette\u00bb.<\/p>\n<p class=\"article-des-rightside\"><strong>Convient aux v\u00e9g\u00e9taliens et aux v\u00e9g\u00e9tariens!<\/strong><\/p>\n[\/vc_column_text][\/vc_column][\/vc_row][vc_row content_placement=\u00a0\u00bbmiddle\u00a0\u00bb][vc_column][vc_column_text]\n<div class=\"last-button-position\"><a class=\"tooltip-last\" title=\"Cliquez ici pour le produit pr\u00e9c\u00e9dent.\" href=\"\/fr\/ashwagandha\/\"><span title=\"\"><img loading=\"lazy\" decoding=\"async\" class=\"last-product-icon\" src=\"\/wp-content\/uploads\/2016\/08\/test-icon_next.png\" alt=\"Last Product\" width=\"40\" height=\"40\" \/><\/span><\/a><\/div>\n<div class=\"next-button-position\"><a class=\"tooltip-next\" title=\"Cliquez ici pour le produit suivant.\" href=\"\/fr\/myrrhe\/\"><span title=\"\"><img loading=\"lazy\" decoding=\"async\" class=\"next-product-icon\" src=\"\/wp-content\/uploads\/2016\/08\/test-icon_next.png\" alt=\"next Product\" width=\"40\" height=\"40\" \/><\/span><\/a><\/div>\n[\/vc_column_text][\/vc_column][\/vc_row][vc_row][vc_column][vc_column_text]\n<div><a class=\"tooltip-back\" title=\"Cliquez ici pour retourner \u00e0 la s\u00e9lection des produits.\" href=\"\/fr\/nos-produits\/\"><span title=\"\"><img decoding=\"async\" class=\"product-overview\" src=\"\/wp-content\/uploads\/2017\/02\/dosenpikto.png\" alt=\"s\u00e9lection des produits\" width=\"auto\" height=\"35\" \/><\/span><\/a><\/div>\n[\/vc_column_text][\/vc_column][\/vc_row]","protected":false},"excerpt":{"rendered":"<p>[vc_row css=\u00a0\u00bb.vc_custom_1484143023360{margin-top: 80px !important;}\u00a0\u00bb][vc_column width=\u00a0\u00bb1\/3&Prime; css=\u00a0\u00bb.vc_custom_1484210849677{padding-top: 70px !important;}\u00a0\u00bb el_class=\u00a0\u00bbarticle-des-column\u00a0\u00bb][vc_column_text] Brahmi Qualit\u00e9 par Puret\u00e9 90 Capsules v\u00e9g\u00e9taliennes Ingr\u00e9dients: Brahmi (Bacopa) 20% de bacosides Article-Nr. PV015 21,90 \u20ac 7 % TVA incluse Disponible chez Biotikon\u00ae [\/vc_column_text][\/vc_column][vc_column width=\u00a0\u00bb1\/3&Prime; css=\u00a0\u00bb.vc_custom_1473147622299{padding-top: 40px !important;}\u00a0\u00bb][vc_column_text][\/vc_column_text][\/vc_column][vc_column width=\u00a0\u00bb1\/3&Prime; el_class=\u00a0\u00bbarticle-des-column-rightside\u00a0\u00bb][vc_column_text] Notre Brahmi provient de cueillette sauvage. Dans la nature demeur\u00e9e intacte de l\u2019Inde du Sud, cette herbe pr\u00e9cieuse de tradition ayurv\u00e9dique est cueillie avec le plus grand soin. Le Brahmi est appel\u00e9 aussi \u00abl\u2018herbe du cerveau\u00bb ou \u00abla petite grassette\u00bb. Convient aux v\u00e9g\u00e9taliens et aux v\u00e9g\u00e9tariens! [\/vc_column_text][\/vc_column][\/vc_row][vc_row content_placement=\u00a0\u00bbmiddle\u00a0\u00bb][vc_column][vc_column_text] [\/vc_column_text][\/vc_column][\/vc_row][vc_row][vc_column][vc_column_text] [\/vc_column_text][\/vc_column][\/vc_row]<\/p>\n","protected":false},"author":1,"featured_media":0,"parent":0,"menu_order":0,"comment_status":"closed","ping_status":"closed","template":"","meta":{"footnotes":""},"class_list":["post-4106","page","type-page","status-publish","hentry","entry","post-inner"],"_links":{"self":[{"href":"https:\/\/www.pureveda.org\/fr\/wp-json\/wp\/v2\/pages\/4106","targetHints":{"allow":["GET"]}}],"collection":[{"href":"https:\/\/www.pureveda.org\/fr\/wp-json\/wp\/v2\/pages"}],"about":[{"href":"https:\/\/www.pureveda.org\/fr\/wp-json\/wp\/v2\/types\/page"}],"author":[{"embeddable":true,"href":"https:\/\/www.pureveda.org\/fr\/wp-json\/wp\/v2\/users\/1"}],"replies":[{"embeddable":true,"href":"https:\/\/www.pureveda.org\/fr\/wp-json\/wp\/v2\/comments?post=4106"}],"version-history":[{"count":20,"href":"https:\/\/www.pureveda.org\/fr\/wp-json\/wp\/v2\/pages\/4106\/revisions"}],"predecessor-version":[{"id":4237,"href":"https:\/\/www.pureveda.org\/fr\/wp-json\/wp\/v2\/pages\/4106\/revisions\/4237"}],"wp:attachment":[{"href":"https:\/\/www.pureveda.org\/fr\/wp-json\/wp\/v2\/media?parent=4106"}],"curies":[{"name":"wp","href":"https:\/\/api.w.org\/{rel}","templated":true}]}}