{"id":4151,"date":"2020-08-19T12:33:02","date_gmt":"2020-08-19T10:33:02","guid":{"rendered":"http:\/\/pureveda.org\/de\/?page_id=4151"},"modified":"2022-09-01T11:51:37","modified_gmt":"2022-09-01T09:51:37","slug":"starter-3-2","status":"publish","type":"page","link":"https:\/\/www.pureveda.org\/fr\/ashwagandha\/","title":{"rendered":"Ashwagandha"},"content":{"rendered":"[vc_row css=\u00a0\u00bb.vc_custom_1484143023360{margin-top: 80px !important;}\u00a0\u00bb][vc_column width=\u00a0\u00bb1\/3&Prime; css=\u00a0\u00bb.vc_custom_1484210849677{padding-top: 70px !important;}\u00a0\u00bb el_class=\u00a0\u00bbarticle-des-column\u00a0\u00bb][vc_column_text]\n<div class=\"article-des\">\n<h1 style=\"line-height: 1.2em; padding-bottom: 10px;\">Ashwagandha<\/h1>\n<p><span class=\"article-des-qualitybox\"><a class=\"pagetop-links\" style=\"font-size: 0.8em; color: #fff;\" href=\"..\/ueber-pureveda\/#quality\">Qualit\u00e9 par Puret\u00e9<\/a><\/span><\/p>\n<p class=\"article-des\" style=\"padding: 10px 0 20px;\">90 Capsules v\u00e9g\u00e9taliennes<\/p>\n<p class=\"article-des\"><strong>Ingr\u00e9dients:<\/strong><\/p>\n<p class=\"article-des\">Ashwagandha (5 % Withanolide)<\/p>\n<p class=\"article-des\" style=\"padding-top: 20px;\">Article-Nr. PV016<br \/>\n19,90 \u20ac <span class=\"article-mwst\">7 % TVA incluse<\/span><\/p>\n<p class=\"article-des\" style=\"font-size: 0.75em; padding-top: 20px;\">Disponible chez Biotikon\u00ae<\/p>\n<p><a href=\"https:\/\/biotikon.fr\/fr\/ashwagandha.html\" target=\"_blank\"><img loading=\"lazy\" decoding=\"async\" src=\"http:\/\/pureveda.org\/wp-content\/uploads\/2016\/08\/Acheter-button.png\" alt=\"Acheter ici\" width=\"164\" height=\"77\" \/><\/a><\/p>\n<\/div>\n[\/vc_column_text][\/vc_column][vc_column width=\u00a0\u00bb1\/3&Prime; css=\u00a0\u00bb.vc_custom_1473147622299{padding-top: 40px !important;}\u00a0\u00bb][vc_column_text]<img loading=\"lazy\" decoding=\"async\" class=\"alignnone wp-image-4149 size-full\" src=\"http:\/\/pureveda.org\/wp-content\/uploads\/2020\/08\/Ashwagandha_Dose.jpg\" alt=\"\" width=\"447\" height=\"800\" srcset=\"https:\/\/www.pureveda.org\/wp-content\/uploads\/2020\/08\/Ashwagandha_Dose.jpg 447w, https:\/\/www.pureveda.org\/wp-content\/uploads\/2020\/08\/Ashwagandha_Dose-168x300.jpg 168w\" sizes=\"auto, (max-width: 447px) 100vw, 447px\" \/>[\/vc_column_text][\/vc_column][vc_column width=\u00a0\u00bb1\/3&Prime; el_class=\u00a0\u00bbarticle-des-column-rightside\u00a0\u00bb][vc_column_text]\n<p class=\"article-des-rightside\">Ashwagandha wird auch als indischer Ginseng bezeichnet und ist Bestandteil der jahrtausendealten Ayurveda.<\/p>\n<p class=\"article-des-rightside\">Ashwagandha bedeutet in der indischen Mythologie so viel wie der \u201eGeruch des Pferdes\u201c und steht dort f\u00fcr das kraftvolle und vitale Pferd.<\/p>\n<p class=\"article-des-rightside\"><strong>Convient aux v\u00e9g\u00e9taliens et aux v\u00e9g\u00e9tariens!<\/strong><\/p>\n[\/vc_column_text][\/vc_column][\/vc_row][vc_row content_placement=\u00a0\u00bbmiddle\u00a0\u00bb][vc_column][vc_column_text]\n<div class=\"last-button-position\"><a class=\"tooltip-last\" title=\"Cliquez ici pour le produit pr\u00e9c\u00e9dent.\" href=\"\/fr\/women-Balance55up\/\"><span title=\"\"><img loading=\"lazy\" decoding=\"async\" class=\"last-product-icon\" src=\"\/wp-content\/uploads\/2016\/08\/test-icon_next.png\" alt=\"Last Product\" width=\"40\" height=\"40\" \/><\/span><\/a><\/div>\n<div class=\"next-button-position\"><a class=\"tooltip-next\" title=\"Cliquez ici pour le produit suivant.\" href=\"\/fr\/brahmi\/\"><span title=\"\"><img loading=\"lazy\" decoding=\"async\" class=\"next-product-icon\" src=\"\/wp-content\/uploads\/2016\/08\/test-icon_next.png\" alt=\"next Product\" width=\"40\" height=\"40\" \/><\/span><\/a><\/div>\n[\/vc_column_text][\/vc_column][\/vc_row][vc_row][vc_column][vc_column_text]\n<div><a class=\"tooltip-back\" title=\"Cliquez ici pour retourner \u00e0 la s\u00e9lection des produits.\" href=\"\/fr\/nos-produits\/\"><span title=\"\"><img decoding=\"async\" class=\"product-overview\" src=\"\/wp-content\/uploads\/2017\/02\/dosenpikto.png\" alt=\"s\u00e9lection des produits\" width=\"auto\" height=\"35\" \/><\/span><\/a><\/div>\n[\/vc_column_text][\/vc_column][\/vc_row]","protected":false},"excerpt":{"rendered":"<p>[vc_row css=\u00a0\u00bb.vc_custom_1484143023360{margin-top: 80px !important;}\u00a0\u00bb][vc_column width=\u00a0\u00bb1\/3&Prime; css=\u00a0\u00bb.vc_custom_1484210849677{padding-top: 70px !important;}\u00a0\u00bb el_class=\u00a0\u00bbarticle-des-column\u00a0\u00bb][vc_column_text] Ashwagandha Qualit\u00e9 par Puret\u00e9 90 Capsules v\u00e9g\u00e9taliennes Ingr\u00e9dients: Ashwagandha (5 % Withanolide) Article-Nr. PV016 19,90 \u20ac 7 % TVA incluse Disponible chez Biotikon\u00ae [\/vc_column_text][\/vc_column][vc_column width=\u00a0\u00bb1\/3&Prime; css=\u00a0\u00bb.vc_custom_1473147622299{padding-top: 40px !important;}\u00a0\u00bb][vc_column_text][\/vc_column_text][\/vc_column][vc_column width=\u00a0\u00bb1\/3&Prime; el_class=\u00a0\u00bbarticle-des-column-rightside\u00a0\u00bb][vc_column_text] Ashwagandha wird auch als indischer Ginseng bezeichnet und ist Bestandteil der jahrtausendealten Ayurveda. Ashwagandha bedeutet in der indischen Mythologie so viel wie der \u201eGeruch des Pferdes\u201c und steht dort f\u00fcr das kraftvolle und vitale Pferd. Convient aux v\u00e9g\u00e9taliens et aux v\u00e9g\u00e9tariens! [\/vc_column_text][\/vc_column][\/vc_row][vc_row content_placement=\u00a0\u00bbmiddle\u00a0\u00bb][vc_column][vc_column_text] [\/vc_column_text][\/vc_column][\/vc_row][vc_row][vc_column][vc_column_text] [\/vc_column_text][\/vc_column][\/vc_row]<\/p>\n","protected":false},"author":1,"featured_media":0,"parent":0,"menu_order":0,"comment_status":"closed","ping_status":"closed","template":"","meta":{"footnotes":""},"class_list":["post-4151","page","type-page","status-publish","hentry","entry","post-inner"],"_links":{"self":[{"href":"https:\/\/www.pureveda.org\/fr\/wp-json\/wp\/v2\/pages\/4151","targetHints":{"allow":["GET"]}}],"collection":[{"href":"https:\/\/www.pureveda.org\/fr\/wp-json\/wp\/v2\/pages"}],"about":[{"href":"https:\/\/www.pureveda.org\/fr\/wp-json\/wp\/v2\/types\/page"}],"author":[{"embeddable":true,"href":"https:\/\/www.pureveda.org\/fr\/wp-json\/wp\/v2\/users\/1"}],"replies":[{"embeddable":true,"href":"https:\/\/www.pureveda.org\/fr\/wp-json\/wp\/v2\/comments?post=4151"}],"version-history":[{"count":13,"href":"https:\/\/www.pureveda.org\/fr\/wp-json\/wp\/v2\/pages\/4151\/revisions"}],"predecessor-version":[{"id":4272,"href":"https:\/\/www.pureveda.org\/fr\/wp-json\/wp\/v2\/pages\/4151\/revisions\/4272"}],"wp:attachment":[{"href":"https:\/\/www.pureveda.org\/fr\/wp-json\/wp\/v2\/media?parent=4151"}],"curies":[{"name":"wp","href":"https:\/\/api.w.org\/{rel}","templated":true}]}}