{"id":4218,"date":"2022-08-01T16:24:55","date_gmt":"2022-08-01T14:24:55","guid":{"rendered":"https:\/\/pureveda.org\/de\/?page_id=4218"},"modified":"2022-08-01T16:41:13","modified_gmt":"2022-08-01T14:41:13","slug":"starter-3-3","status":"publish","type":"page","link":"https:\/\/www.pureveda.org\/fr\/myrrhe\/","title":{"rendered":"Myrrhe &#8211; Guggul"},"content":{"rendered":"[vc_row css=\u00a0\u00bb.vc_custom_1484143023360{margin-top: 80px !important;}\u00a0\u00bb][vc_column width=\u00a0\u00bb1\/3&Prime; css=\u00a0\u00bb.vc_custom_1484210849677{padding-top: 70px !important;}\u00a0\u00bb el_class=\u00a0\u00bbarticle-des-column\u00a0\u00bb][vc_column_text]\n<div class=\"article-des\">\n<h1 style=\"line-height: 1.2em; padding-bottom: 10px;\">Myrrhe &#8211; Guggul<\/h1>\n<p><span class=\"article-des-qualitybox\"><a class=\"pagetop-links\" style=\"font-size: 0.8em; color: #fff;\" href=\"..\/ueber-pureveda\/#quality\">Qualit\u00e9 par Puret\u00e9<\/a><\/span><\/p>\n<p class=\"article-des\" style=\"padding: 10px 0 20px;\">90 Capsules v\u00e9g\u00e9taliennes<\/p>\n<p class=\"article-des\"><strong>Ingr\u00e9dients:<\/strong><\/p>\n<p class=\"article-des\">Myrrhe-Guggul (2,5 % guggulst\u00e9rone)<\/p>\n<p class=\"article-des\" style=\"padding-top: 20px;\">Article-Nr. PV017<br \/>\n21,90 \u20ac <span class=\"article-mwst\">7 % TVA incluse<\/span><\/p>\n<p class=\"article-des\" style=\"font-size: 0.75em; padding-top: 20px;\">Disponible chez Biotikon\u00ae<\/p>\n<p><a href=\"https:\/\/www.biotikon.fr\/fr\/Myrrhe.html\" target=\"_blank\"><img loading=\"lazy\" decoding=\"async\" src=\"http:\/\/pureveda.org\/wp-content\/uploads\/2016\/08\/Acheter-button.png\" alt=\"hier-kaufen-button\" width=\"164\" height=\"77\" \/><\/a><\/p>\n<\/div>\n[\/vc_column_text][\/vc_column][vc_column width=\u00a0\u00bb1\/3&Prime; css=\u00a0\u00bb.vc_custom_1473147622299{padding-top: 40px !important;}\u00a0\u00bb][vc_column_text]<img loading=\"lazy\" decoding=\"async\" class=\"aligncenter wp-image-4108 size-full\" src=\"http:\/\/pureveda.org\/wp-content\/uploads\/2022\/08\/Myrrhe_Dose-Kapseln.jpg\" alt=\"Brahmi_Dose+Kapseln\" width=\"447\" height=\"800\" \/>[\/vc_column_text][\/vc_column][vc_column width=\u00a0\u00bb1\/3&Prime; el_class=\u00a0\u00bbarticle-des-column-rightside\u00a0\u00bb][vc_column_text]\n<p class=\"article-des-rightside\">La myrrhe est la r\u00e9sine de l\u2019arbre ou arbuste \u00e0 myrrhe (commiphora myrrha), que l\u2019on r\u00e9colte en faisant une entaille dans le tronc et les branches et qui devient de la gomme en s\u00e9chant.<\/p>\n<p class=\"article-des-rightside\">La myrrhe fait partie des plantes les plus anciennement connues et utilis\u00e9es et \u00e9tait d\u00e9j\u00e0 cit\u00e9e dans la bible. La myrrhe est \u00e9galement d\u00e9crite dans les litt\u00e9ratures v\u00e9diques et s\u2019appelle \u00ab guggul \u00bb en langue indienne.<\/p>\n<p class=\"article-des-rightside\"><strong>Convient aux v\u00e9g\u00e9taliens et aux v\u00e9g\u00e9tariens!<\/strong><\/p>\n[\/vc_column_text][\/vc_column][\/vc_row][vc_row content_placement=\u00a0\u00bbmiddle\u00a0\u00bb][vc_column][vc_column_text]\n<div class=\"last-button-position\"><a class=\"tooltip-last\" title=\"Cliquez ici pour le produit pr\u00e9c\u00e9dent.\" href=\"\/fr\/brahmi\/\"><span title=\"\"><img loading=\"lazy\" decoding=\"async\" class=\"last-product-icon\" src=\"\/wp-content\/uploads\/2016\/08\/test-icon_next.png\" alt=\"Last Product\" width=\"40\" height=\"40\" \/><\/span><\/a><\/div>\n<div class=\"next-button-position\"><a class=\"tooltip-next\" title=\"Cliquez ici pour le produit suivant.\" href=\"\/fr\/vedacard-pitta\/\"><span title=\"\"><img loading=\"lazy\" decoding=\"async\" class=\"next-product-icon\" src=\"\/wp-content\/uploads\/2016\/08\/test-icon_next.png\" alt=\"next Product\" width=\"40\" height=\"40\" \/><\/span><\/a><\/div>\n[\/vc_column_text][\/vc_column][\/vc_row][vc_row][vc_column][vc_column_text]\n<div><a class=\"tooltip-back\" title=\"Cliquez ici pour retourner \u00e0 la s\u00e9lection des produits.\" href=\"\/fr\/nos-produits\/\"><span title=\"\"><img decoding=\"async\" class=\"product-overview\" src=\"\/wp-content\/uploads\/2017\/02\/dosenpikto.png\" alt=\"s\u00e9lection des produits\" width=\"auto\" height=\"35\" \/><\/span><\/a><\/div>\n[\/vc_column_text][\/vc_column][\/vc_row]","protected":false},"excerpt":{"rendered":"<p>[vc_row css=\u00a0\u00bb.vc_custom_1484143023360{margin-top: 80px !important;}\u00a0\u00bb][vc_column width=\u00a0\u00bb1\/3&Prime; css=\u00a0\u00bb.vc_custom_1484210849677{padding-top: 70px !important;}\u00a0\u00bb el_class=\u00a0\u00bbarticle-des-column\u00a0\u00bb][vc_column_text] Myrrhe &#8211; Guggul Qualit\u00e9 par Puret\u00e9 90 Capsules v\u00e9g\u00e9taliennes Ingr\u00e9dients: Myrrhe-Guggul (2,5 % guggulst\u00e9rone) Article-Nr. PV017 21,90 \u20ac 7 % TVA incluse Disponible chez Biotikon\u00ae [\/vc_column_text][\/vc_column][vc_column width=\u00a0\u00bb1\/3&Prime; css=\u00a0\u00bb.vc_custom_1473147622299{padding-top: 40px !important;}\u00a0\u00bb][vc_column_text][\/vc_column_text][\/vc_column][vc_column width=\u00a0\u00bb1\/3&Prime; el_class=\u00a0\u00bbarticle-des-column-rightside\u00a0\u00bb][vc_column_text] La myrrhe est la r\u00e9sine de l\u2019arbre ou arbuste \u00e0 myrrhe (commiphora myrrha), que l\u2019on r\u00e9colte en faisant une entaille dans le tronc et les branches et qui devient de la gomme en s\u00e9chant. La myrrhe fait partie des plantes les plus anciennement connues et utilis\u00e9es et \u00e9tait d\u00e9j\u00e0 cit\u00e9e dans la bible. La myrrhe est \u00e9galement d\u00e9crite dans les litt\u00e9ratures v\u00e9diques et s\u2019appelle \u00ab guggul \u00bb en langue indienne. Convient aux v\u00e9g\u00e9taliens et aux v\u00e9g\u00e9tariens! [\/vc_column_text][\/vc_column][\/vc_row][vc_row content_placement=\u00a0\u00bbmiddle\u00a0\u00bb][vc_column][vc_column_text] [\/vc_column_text][\/vc_column][\/vc_row][vc_row][vc_column][vc_column_text] [\/vc_column_text][\/vc_column][\/vc_row]<\/p>\n","protected":false},"author":1,"featured_media":0,"parent":0,"menu_order":0,"comment_status":"closed","ping_status":"closed","template":"","meta":{"footnotes":""},"class_list":["post-4218","page","type-page","status-publish","hentry","entry","post-inner"],"_links":{"self":[{"href":"https:\/\/www.pureveda.org\/fr\/wp-json\/wp\/v2\/pages\/4218","targetHints":{"allow":["GET"]}}],"collection":[{"href":"https:\/\/www.pureveda.org\/fr\/wp-json\/wp\/v2\/pages"}],"about":[{"href":"https:\/\/www.pureveda.org\/fr\/wp-json\/wp\/v2\/types\/page"}],"author":[{"embeddable":true,"href":"https:\/\/www.pureveda.org\/fr\/wp-json\/wp\/v2\/users\/1"}],"replies":[{"embeddable":true,"href":"https:\/\/www.pureveda.org\/fr\/wp-json\/wp\/v2\/comments?post=4218"}],"version-history":[{"count":13,"href":"https:\/\/www.pureveda.org\/fr\/wp-json\/wp\/v2\/pages\/4218\/revisions"}],"predecessor-version":[{"id":4238,"href":"https:\/\/www.pureveda.org\/fr\/wp-json\/wp\/v2\/pages\/4218\/revisions\/4238"}],"wp:attachment":[{"href":"https:\/\/www.pureveda.org\/fr\/wp-json\/wp\/v2\/media?parent=4218"}],"curies":[{"name":"wp","href":"https:\/\/api.w.org\/{rel}","templated":true}]}}